{"id":1899,"date":"2022-11-27T22:41:15","date_gmt":"2022-11-27T22:41:15","guid":{"rendered":"https:\/\/hotelterminus.net\/?post_type=product&#038;p=1899"},"modified":"2025-12-04T11:53:57","modified_gmt":"2025-12-04T11:53:57","slug":"room-and-wine","status":"publish","type":"product","link":"https:\/\/hotelterminus.net\/ca\/producte\/nit-romantica-en-parella\/","title":{"rendered":"Pack Habitaci\u00f3 &amp; Vi"},"content":{"rendered":"<p>Aconsegueix el teu <strong>Pack Habitaci\u00f3 &amp; Vi,<\/strong> estada a l&#039;Hotel Terminus amb visita al Celler Llivins per a 2 persones. Ideal per viure una experi\u00e8ncia \u00fanica i m\u00e0gica, amb la teva parella, a l&#039;Hotel Terminus de Puigcerd\u00e0 i al Celler Llivins. L&#039;Hotel Terminus \u00e9s un hotel recentment reformat i situat al cor de Puigcerd\u00e0.<\/p>\n<p>El Celler Llivins \u00e9s a 1.225 metres d&#039;al\u00e7ada fent i aconseguint de la viticultura, un art tradicional agr\u00edcola de la Cerdanya. A la visita al celler, tastareu diferents vins que presenten i descobrireu les diferents combinacions de gustos i aromes.<\/p>\n<ul>\n<li><strong>Caracter\u00edstiques de l&#039;habitaci\u00f3:<\/strong><br \/>\n<strong>Doble Superior:<\/strong> Habitaci\u00f3 per a 2 persones de <strong>15-20 m2<\/strong> decorada en un estil <strong>cl\u00e0ssic<\/strong> amb mobles luxosos, terres catifats i calefacci\u00f3 per terra. Equipada amb 1 llit doble gran o 2 llits individuals amb lavabo privat equipat totalment i balc\u00f3.<\/li>\n<li><span style=\"font-size: 16px;\">Qu\u00e8 inclou el nostre <\/span><strong style=\"font-size: 16px;\">Pack Room &amp; Wine<\/strong><span style=\"font-size: 16px;\">, estada a l&#039;Hotel Terminus amb Celler per <\/span><strong style=\"font-size: 16px;\">2 persones?<\/strong><span style=\"font-size: 16px;\">\u00a0<\/span><\/li>\n<\/ul>\n<ul>\n<li style=\"list-style-type: none;\">\n<ul>\n<li>Allotjament a l&#039;habitaci\u00f3 doble superior de l&#039;Hotel Terminus<\/li>\n<li>Esmorzar Buffet<\/li>\n<li>Visita d&#039;Enoturisme al Celler Llivins i tast de vins<\/li>\n<\/ul>\n<\/li>\n<\/ul>\n<ul>\n<li><strong>Disponibilitat: bo disponible des d&#039;abril fins a octubre<\/strong><br \/>\nQuins dies \u00e9s v\u00e0lid el bo? Es pot bescanviar qualsevol dia de la setmana dins dels mesos que estigui disponible el Bono<br \/>\nCom rebr\u00e9 el Bo? Un cop comprat el bo regal, rebr\u00e0s un Val en format PDF via correu electr\u00f2nic.<br \/>\nCom puc bescanviar el Bono? Per bescanviar el bo i reservar, haureu de trucar a l&#039;hotel al <a href=\"tel:+34 972 880 212\">(+34) 972 880 212<\/a> o enviar un mail a<a href=\"mailto:reserves@terminushotel.com\"> reserves@terminushotel.com<\/a> dient els dies que voleu. Seguidament, rebr\u00e0s un correu confirmant la reserva.<\/li>\n<\/ul>","protected":false},"excerpt":{"rendered":"<p>Aconsegueix el teu <strong>Pack Habitaci\u00f3 &amp; Vi,<\/strong> estada a l&#039;Hotel Terminus amb visita al Celler Llivins per a 2 persones. Ideal per viure una experi\u00e8ncia \u00fanica i m\u00e0gica, amb la teva parella, a l&#039;Hotel Terminus de Puigcerd\u00e0 i al Celler Llivins. L&#039;Hotel Terminus \u00e9s un hotel recentment reformat i situat al cor de Puigcerd\u00e0.<\/p>","protected":false},"featured_media":3274,"comment_status":"closed","ping_status":"closed","template":"","meta":{"site-sidebar-layout":"default","site-content-layout":"default","ast-site-content-layout":"default","site-content-style":"default","site-sidebar-style":"default","ast-global-header-display":"","ast-banner-title-visibility":"","ast-main-header-display":"","ast-hfb-above-header-display":"","ast-hfb-below-header-display":"","ast-hfb-mobile-header-display":"","site-post-title":"","ast-breadcrumbs-content":"","ast-featured-img":"","footer-sml-layout":"","theme-transparent-header-meta":"default","adv-header-id-meta":"","stick-header-meta":"default","header-above-stick-meta":"","header-main-stick-meta":"","header-below-stick-meta":"","astra-migrate-meta-layouts":"set","ast-page-background-enabled":"default","ast-page-background-meta":{"desktop":{"background-color":"","background-image":"","background-repeat":"repeat","background-position":"center center","background-size":"auto","background-attachment":"scroll","background-type":"","background-media":"","overlay-type":"","overlay-color":"","overlay-gradient":""},"tablet":{"background-color":"","background-image":"","background-repeat":"repeat","background-position":"center center","background-size":"auto","background-attachment":"scroll","background-type":"","background-media":"","overlay-type":"","overlay-color":"","overlay-gradient":""},"mobile":{"background-color":"","background-image":"","background-repeat":"repeat","background-position":"center center","background-size":"auto","background-attachment":"scroll","background-type":"","background-media":"","overlay-type":"","overlay-color":"","overlay-gradient":""}},"ast-content-background-meta":{"desktop":{"background-color":"var(--ast-global-color-5)","background-image":"","background-repeat":"repeat","background-position":"center center","background-size":"auto","background-attachment":"scroll","background-type":"","background-media":"","overlay-type":"","overlay-color":"","overlay-gradient":""},"tablet":{"background-color":"var(--ast-global-color-5)","background-image":"","background-repeat":"repeat","background-position":"center center","background-size":"auto","background-attachment":"scroll","background-type":"","background-media":"","overlay-type":"","overlay-color":"","overlay-gradient":""},"mobile":{"background-color":"var(--ast-global-color-5)","background-image":"","background-repeat":"repeat","background-position":"center center","background-size":"auto","background-attachment":"scroll","background-type":"","background-media":"","overlay-type":"","overlay-color":"","overlay-gradient":""}}},"product_brand":[],"product_cat":[20],"product_tag":[],"class_list":{"0":"post-1899","1":"product","2":"type-product","3":"status-publish","4":"has-post-thumbnail","6":"product_cat-sin-categorizar","7":"desktop-align-left","8":"tablet-align-left","9":"mobile-align-left","10":"ast-product-gallery-layout-horizontal-slider","11":"ast-product-single-variable","12":"ast-product-tabs-layout-horizontal","14":"first","15":"instock","16":"shipping-taxable","17":"purchasable","18":"product-type-variable"},"yoast_head":"<!-- This site is optimized with the Yoast SEO plugin v27.1.1 - https:\/\/yoast.com\/product\/yoast-seo-wordpress\/ -->\n<title>Pack Habitaci\u00f3n y Vino &amp; Wine | Hotel en Puigcerda<\/title>\n<meta name=\"description\" content=\"Disfruta el pack Room &amp; Wine en el Hotel Terminus en Puigcerd\u00e0: alojamiento, selecci\u00f3n de vinos y una experiencia perfecta para relajarte en La Cerdanya.\" \/>\n<meta name=\"robots\" content=\"index, follow, max-snippet:-1, max-image-preview:large, max-video-preview:-1\" \/>\n<link rel=\"canonical\" href=\"https:\/\/hotelterminus.net\/ca\/producte\/nit-romantica-en-parella\/\" \/>\n<meta property=\"og:locale\" content=\"ca_ES\" \/>\n<meta property=\"og:type\" content=\"article\" \/>\n<meta property=\"og:title\" content=\"Pack Habitaci\u00f3n y Vino &amp; Wine | Hotel en Puigcerda\" \/>\n<meta property=\"og:description\" content=\"Disfruta el pack Room &amp; Wine en el Hotel Terminus en Puigcerd\u00e0: alojamiento, selecci\u00f3n de vinos y una experiencia perfecta para relajarte en La Cerdanya.\" \/>\n<meta property=\"og:url\" content=\"https:\/\/hotelterminus.net\/ca\/producte\/nit-romantica-en-parella\/\" \/>\n<meta property=\"og:site_name\" content=\"Hotel Terminus\" \/>\n<meta property=\"article:publisher\" content=\"https:\/\/www.facebook.com\/hotelterminuspuigcerda\" \/>\n<meta property=\"article:modified_time\" content=\"2025-12-04T11:53:57+00:00\" \/>\n<meta property=\"og:image\" content=\"https:\/\/hotelterminus.net\/wp-content\/uploads\/2023\/09\/istockphoto-1407074459-612x612-1-2.jpg\" \/>\n\t<meta property=\"og:image:width\" content=\"612\" \/>\n\t<meta property=\"og:image:height\" content=\"408\" \/>\n\t<meta property=\"og:image:type\" content=\"image\/jpeg\" \/>\n<meta name=\"twitter:card\" content=\"summary_large_image\" \/>\n<meta name=\"twitter:label1\" content=\"Temps estimat de lectura\" \/>\n\t<meta name=\"twitter:data1\" content=\"2 minuts\" \/>\n<script type=\"application\/ld+json\" class=\"yoast-schema-graph\">{\"@context\":\"https:\/\/schema.org\",\"@graph\":[{\"@type\":\"WebPage\",\"@id\":\"https:\/\/hotelterminus.net\/producto\/room-and-wine\/\",\"url\":\"https:\/\/hotelterminus.net\/producto\/room-and-wine\/\",\"name\":\"Pack Habitaci\u00f3n y Vino & Wine | Hotel en Puigcerda\",\"isPartOf\":{\"@id\":\"\/#website\"},\"primaryImageOfPage\":{\"@id\":\"https:\/\/hotelterminus.net\/producto\/room-and-wine\/#primaryimage\"},\"image\":{\"@id\":\"https:\/\/hotelterminus.net\/producto\/room-and-wine\/#primaryimage\"},\"thumbnailUrl\":\"https:\/\/hotelterminus.net\/wp-content\/uploads\/2023\/09\/istockphoto-1407074459-612x612-1-2.jpg\",\"datePublished\":\"2022-11-27T22:41:15+00:00\",\"dateModified\":\"2025-12-04T11:53:57+00:00\",\"description\":\"Disfruta el pack Room & Wine en el Hotel Terminus en Puigcerd\u00e0: alojamiento, selecci\u00f3n de vinos y una experiencia perfecta para relajarte en La Cerdanya.\",\"breadcrumb\":{\"@id\":\"https:\/\/hotelterminus.net\/producto\/room-and-wine\/#breadcrumb\"},\"inLanguage\":\"ca\",\"potentialAction\":[{\"@type\":\"ReadAction\",\"target\":[\"https:\/\/hotelterminus.net\/producto\/room-and-wine\/\"]}]},{\"@type\":\"ImageObject\",\"inLanguage\":\"ca\",\"@id\":\"https:\/\/hotelterminus.net\/producto\/room-and-wine\/#primaryimage\",\"url\":\"https:\/\/hotelterminus.net\/wp-content\/uploads\/2023\/09\/istockphoto-1407074459-612x612-1-2.jpg\",\"contentUrl\":\"https:\/\/hotelterminus.net\/wp-content\/uploads\/2023\/09\/istockphoto-1407074459-612x612-1-2.jpg\",\"width\":612,\"height\":408,\"caption\":\"Lles de Cerdanya, Lleida, Catalonia, Spain\"},{\"@type\":\"BreadcrumbList\",\"@id\":\"https:\/\/hotelterminus.net\/producto\/room-and-wine\/#breadcrumb\",\"itemListElement\":[{\"@type\":\"ListItem\",\"position\":1,\"name\":\"Portada\",\"item\":\"https:\/\/hotelterminus.net\/\"},{\"@type\":\"ListItem\",\"position\":2,\"name\":\"Pack Habitaci\u00f3n &#038; Vino\"}]},{\"@type\":\"WebSite\",\"@id\":\"\/#website\",\"url\":\"\/\",\"name\":\"Hotel en Puigcerd\u00e0. - Terminus\",\"description\":\"Hotel Terminus es un hotel en Puigcerd\u00e0 reformado en el 2018 para ofrecer los mejores servicios al precio m\u00e1s econ\u00f3mico. Reserva aqu\u00ed.\",\"publisher\":{\"@id\":\"\/#organization\"},\"potentialAction\":[{\"@type\":\"SearchAction\",\"target\":{\"@type\":\"EntryPoint\",\"urlTemplate\":\"\/?s={search_term_string}\"},\"query-input\":{\"@type\":\"PropertyValueSpecification\",\"valueRequired\":true,\"valueName\":\"search_term_string\"}}],\"inLanguage\":\"ca\"},{\"@type\":\"Organization\",\"@id\":\"\/#organization\",\"name\":\"Hotel en Puigcerd\u00e0. - Terminus\",\"url\":\"\/\",\"logo\":{\"@type\":\"ImageObject\",\"inLanguage\":\"ca\",\"@id\":\"\/#\/schema\/logo\/image\/\",\"url\":\"https:\/\/hotelterminus.net\/wp-content\/uploads\/2023\/09\/LOGO-TERMINUS-1-155x47-1.png\",\"contentUrl\":\"https:\/\/hotelterminus.net\/wp-content\/uploads\/2023\/09\/LOGO-TERMINUS-1-155x47-1.png\",\"width\":155,\"height\":47,\"caption\":\"Hotel en Puigcerd\u00e0. - Terminus\"},\"image\":{\"@id\":\"\/#\/schema\/logo\/image\/\"},\"sameAs\":[\"https:\/\/www.facebook.com\/hotelterminuspuigcerda\",\"https:\/\/www.instagram.com\/hotelterminuspuigcerda\/\"]}]}<\/script>\n<!-- \/ Yoast SEO plugin. -->","yoast_head_json":{"title":"Pack Habitaci\u00f3 i Vi &amp; Wine | Hotel a Puigcerda","description":"Gaudeix del pack Room &amp; Wine a Hotel Terminus a Puigcerd\u00e0: allotjament, selecci\u00f3 de vins i una experi\u00e8ncia perfecta per relaxar-te a La Cerdanya.","robots":{"index":"index","follow":"follow","max-snippet":"max-snippet:-1","max-image-preview":"max-image-preview:large","max-video-preview":"max-video-preview:-1"},"canonical":"https:\/\/hotelterminus.net\/ca\/producte\/nit-romantica-en-parella\/","og_locale":"ca_ES","og_type":"article","og_title":"Pack Habitaci\u00f3n y Vino & Wine | Hotel en Puigcerda","og_description":"Disfruta el pack Room & Wine en el Hotel Terminus en Puigcerd\u00e0: alojamiento, selecci\u00f3n de vinos y una experiencia perfecta para relajarte en La Cerdanya.","og_url":"https:\/\/hotelterminus.net\/ca\/producte\/nit-romantica-en-parella\/","og_site_name":"Hotel Terminus","article_publisher":"https:\/\/www.facebook.com\/hotelterminuspuigcerda","article_modified_time":"2025-12-04T11:53:57+00:00","og_image":[{"width":612,"height":408,"url":"https:\/\/hotelterminus.net\/wp-content\/uploads\/2023\/09\/istockphoto-1407074459-612x612-1-2.jpg","type":"image\/jpeg"}],"twitter_card":"summary_large_image","twitter_misc":{"Temps estimat de lectura":"2 minuts"},"schema":{"@context":"https:\/\/schema.org","@graph":[{"@type":"WebPage","@id":"https:\/\/hotelterminus.net\/producto\/room-and-wine\/","url":"https:\/\/hotelterminus.net\/producto\/room-and-wine\/","name":"Pack Habitaci\u00f3 i Vi &amp; Wine | Hotel a Puigcerda","isPartOf":{"@id":"\/#website"},"primaryImageOfPage":{"@id":"https:\/\/hotelterminus.net\/producto\/room-and-wine\/#primaryimage"},"image":{"@id":"https:\/\/hotelterminus.net\/producto\/room-and-wine\/#primaryimage"},"thumbnailUrl":"https:\/\/hotelterminus.net\/wp-content\/uploads\/2023\/09\/istockphoto-1407074459-612x612-1-2.jpg","datePublished":"2022-11-27T22:41:15+00:00","dateModified":"2025-12-04T11:53:57+00:00","description":"Gaudeix del pack Room &amp; Wine a Hotel Terminus a Puigcerd\u00e0: allotjament, selecci\u00f3 de vins i una experi\u00e8ncia perfecta per relaxar-te a La Cerdanya.","breadcrumb":{"@id":"https:\/\/hotelterminus.net\/producto\/room-and-wine\/#breadcrumb"},"inLanguage":"ca","potentialAction":[{"@type":"ReadAction","target":["https:\/\/hotelterminus.net\/producto\/room-and-wine\/"]}]},{"@type":"ImageObject","inLanguage":"ca","@id":"https:\/\/hotelterminus.net\/producto\/room-and-wine\/#primaryimage","url":"https:\/\/hotelterminus.net\/wp-content\/uploads\/2023\/09\/istockphoto-1407074459-612x612-1-2.jpg","contentUrl":"https:\/\/hotelterminus.net\/wp-content\/uploads\/2023\/09\/istockphoto-1407074459-612x612-1-2.jpg","width":612,"height":408,"caption":"Lles de Cerdanya, Lleida, Catalonia, Spain"},{"@type":"BreadcrumbList","@id":"https:\/\/hotelterminus.net\/producto\/room-and-wine\/#breadcrumb","itemListElement":[{"@type":"ListItem","position":1,"name":"Portada","item":"https:\/\/hotelterminus.net\/"},{"@type":"ListItem","position":2,"name":"Pack Habitaci\u00f3n &#038; Vino"}]},{"@type":"WebSite","@id":"\/#website","url":"\/","name":"Hotel a Puigcerd\u00e0. - Terminus","description":"Hotel Terminus \u00e9s un hotel a Puigcerd\u00e0 reformat el 2018 per oferir els millors serveis al preu m\u00e9s econ\u00f2mic. Reserva aqu\u00ed.","publisher":{"@id":"\/#organization"},"potentialAction":[{"@type":"SearchAction","target":{"@type":"EntryPoint","urlTemplate":"\/?s={search_term_string}"},"query-input":{"@type":"PropertyValueSpecification","valueRequired":true,"valueName":"search_term_string"}}],"inLanguage":"ca"},{"@type":"Organization","@id":"\/#organization","name":"Hotel a Puigcerd\u00e0. - Terminus","url":"\/","logo":{"@type":"ImageObject","inLanguage":"ca","@id":"\/#\/schema\/logo\/image\/","url":"https:\/\/hotelterminus.net\/wp-content\/uploads\/2023\/09\/LOGO-TERMINUS-1-155x47-1.png","contentUrl":"https:\/\/hotelterminus.net\/wp-content\/uploads\/2023\/09\/LOGO-TERMINUS-1-155x47-1.png","width":155,"height":47,"caption":"Hotel en Puigcerd\u00e0. - Terminus"},"image":{"@id":"\/#\/schema\/logo\/image\/"},"sameAs":["https:\/\/www.facebook.com\/hotelterminuspuigcerda","https:\/\/www.instagram.com\/hotelterminuspuigcerda\/"]}]}},"_links":{"self":[{"href":"https:\/\/hotelterminus.net\/ca\/wp-json\/wp\/v2\/product\/1899","targetHints":{"allow":["GET"]}}],"collection":[{"href":"https:\/\/hotelterminus.net\/ca\/wp-json\/wp\/v2\/product"}],"about":[{"href":"https:\/\/hotelterminus.net\/ca\/wp-json\/wp\/v2\/types\/product"}],"replies":[{"embeddable":true,"href":"https:\/\/hotelterminus.net\/ca\/wp-json\/wp\/v2\/comments?post=1899"}],"wp:featuredmedia":[{"embeddable":true,"href":"https:\/\/hotelterminus.net\/ca\/wp-json\/wp\/v2\/media\/3274"}],"wp:attachment":[{"href":"https:\/\/hotelterminus.net\/ca\/wp-json\/wp\/v2\/media?parent=1899"}],"wp:term":[{"taxonomy":"product_brand","embeddable":true,"href":"https:\/\/hotelterminus.net\/ca\/wp-json\/wp\/v2\/product_brand?post=1899"},{"taxonomy":"product_cat","embeddable":true,"href":"https:\/\/hotelterminus.net\/ca\/wp-json\/wp\/v2\/product_cat?post=1899"},{"taxonomy":"product_tag","embeddable":true,"href":"https:\/\/hotelterminus.net\/ca\/wp-json\/wp\/v2\/product_tag?post=1899"}],"curies":[{"name":"wp","href":"https:\/\/api.w.org\/{rel}","templated":true}]}}