{"id":3,"date":"2022-06-04T14:51:19","date_gmt":"2022-06-04T14:51:19","guid":{"rendered":"https:\/\/hotelterminus.net?page_id=3"},"modified":"2025-12-04T10:32:10","modified_gmt":"2025-12-04T10:32:10","slug":"aviso-legal","status":"publish","type":"page","link":"https:\/\/hotelterminus.net\/en\/aviso-legal\/","title":{"rendered":"Legal Notice"},"content":{"rendered":"<div data-elementor-type=\"wp-page\" data-elementor-id=\"3\" class=\"elementor elementor-3\" data-elementor-post-type=\"page\">\n\t\t\t\t\t\t<section class=\"elementor-section elementor-top-section elementor-element elementor-element-7468cc4a elementor-section-boxed elementor-section-height-default elementor-section-height-default\" data-id=\"7468cc4a\" data-element_type=\"section\" data-e-type=\"section\">\n\t\t\t\t\t\t<div class=\"elementor-container elementor-column-gap-default\">\n\t\t\t\t\t<div class=\"elementor-column elementor-col-100 elementor-top-column elementor-element elementor-element-edfdbbe\" data-id=\"edfdbbe\" data-element_type=\"column\" data-e-type=\"column\">\n\t\t\t<div class=\"elementor-widget-wrap elementor-element-populated\">\n\t\t\t\t\t\t<div class=\"elementor-element elementor-element-7908b2ae elementor-widget elementor-widget-text-editor\" data-id=\"7908b2ae\" data-element_type=\"widget\" data-e-type=\"widget\" data-widget_type=\"text-editor.default\">\n\t\t\t\t<div class=\"elementor-widget-container\">\n\t\t\t\t\t\t\t\t\t\n<h3 class=\"wp-block-heading\"><strong>Identification<\/strong><\/h3>\n\n<p>This Legal Notice has been created by MIDNIGHT SAPHIRE SL (the owner) with CIF B66763178, with address at Pl. de l&#039;Estaci\u00f3, 1, 17520, Puigcerd\u00e0, Tel.972880212, e-mail reservations@hotelterminus.net.<\/p>\n\n<h3 class=\"wp-block-heading\"><strong>Intellectual Property<\/strong><\/h3>\n\n<p>The Owner is the exclusive owner of all content on the website www.hotelterminus.net: texts, graphics, images, logos, software files, colors, structure, selection, arrangement and presentation of content, the computer program for its creation and operation; and the total and\/or partial reproduction, public communication and storage of this page and any other material and\/or element that integrates it protected by the Intellectual Property Law is totally prohibited without obtaining the prior consent of the owner.<\/p>\n\n<h3 class=\"wp-block-heading\"><strong>General terms and conditions of use<\/strong><\/h3>\n\n<p>The user of the website (hereinafter the user) fully and unreservedly accepts the provisions included in this Legal Notice, in the version published by the Owner at the time the user accesses the website.<\/p>\n\n<p>The website may be visited freely and the user undertakes to use its contents and services in accordance with the Law and this Legal Notice. To this end, the user will refrain from using the website for illicit purposes or effects, prohibited and detrimental to the rights and interests of third parties.<\/p>\n\n<p>You may not misuse the website service by using it to spam, abuse, harass or otherwise violate the Terms of Use or Privacy Policy.<\/p>\n\n<p>The Owner is not responsible for the opinions or comments of users, errors or omissions, the contents of the Web or other content, which can be accessed through the same, nor for any damages arising from the use of the Web, nor for any action taken on the basis of the information provided on the Web.<\/p>\n\n<p>The Holder does not guarantee the absence of viruses or other harmful elements that may cause damage or alterations to the computer system, electronic documents or files of the user of the Website; nor is it responsible for any damages that such elements may cause to the user or third parties.<\/p>\n\n<p>The content of the website may be modified, extended or deleted at any time, without prior notice.<\/p>\n\n<p>The Owner reserves the right to update the contents of the website and to remove them, as well as to limit and prevent access to them, either temporarily or permanently, without prior notice.<\/p>\n\n<h3 class=\"wp-block-heading\"><strong>Security<\/strong><\/h3>\n\n<p>The personal information provided will be protected by industry standards and technology. As the Internet is not a completely secure environment, the security of any information transmitted to the site cannot be guaranteed.<\/p>\n\n<p>You are responsible for maintaining the confidentiality of your unique password and account information and for controlling access to your electronic communications at all times.<\/p>\n\n<h3 class=\"wp-block-heading\"><strong>Protection of personal data<\/strong><\/h3>\n\n<p>In accordance with the provisions of the European Data Protection Regulation (EU Regulation 2016\/679), we inform you that the personal data provided through this website will be processed by MIDNIGHT SAPHIRE SL, based on your consent and to carry out the requested management, responding to your request and sending information of interest to you.<\/p>\n\n<p>Personal data will be kept for the period of time established by current legislation or when deletion is requested. They will not be transferred to third parties except in the cases provided for by law. There is no international transfer of data.<\/p>\n\n<p>You can exercise your rights of access, rectification, cancellation, limitation, portability and opposition by writing to MIDNIGHT SAPHIRE SL, with address at Pl. de l&#039;Estaci\u00f3, 1, 17520, Puigcerd\u00e0, or by e-mail reservations@hotelterminus.net. You can also exercise the protection of your rights before the Spanish Data Protection Agency.<\/p>\n\n<h3 class=\"wp-block-heading\"><strong>Applicable law and jurisdiction<\/strong><\/h3>\n\n<p>These General Conditions are governed by Spanish legislation. For the resolution of any conflicts arising from this Legal Notice, the parties agree to submit, freely and waiving any other jurisdiction or jurisdiction to which they may be entitled, to the courts and tribunals of the city of MIDNIGHT SAPHIRE SL<\/p>\n\n<figure class=\"wp-block-image size-large\">\n<figure id=\"attachment_3257\" aria-describedby=\"caption-attachment-3257\" style=\"width: 1024px\" class=\"wp-caption alignnone\"><img loading=\"lazy\" decoding=\"async\" class=\"wp-image-3257\" src=\"https:\/\/hoteltorresmanlleu.com\/wp-content\/uploads\/2023\/09\/logos-mitma-prtr-nextgeneration3-1024x81.png\" alt=\"legal logos\" width=\"1024\" height=\"81\" \/><figcaption id=\"caption-attachment-3257\" class=\"wp-caption-text\">legal logos<\/figcaption><\/figure>\n<\/figure>\n\t\t\t\t\t\t\t\t<\/div>\n\t\t\t\t<\/div>\n\t\t\t\t\t<\/div>\n\t\t<\/div>\n\t\t\t\t\t<\/div>\n\t\t<\/section>\n\t\t\t\t<\/div>","protected":false},"excerpt":{"rendered":"<p>Identificaci\u00f3n Este Aviso Legal ha sido creado por MIDNIGHT SAPHIRE S.L. (el titular) con CIF B66763178, con domicilio en Pl. de l\u2019Estaci\u00f3, 1, 17520, Puigcerd\u00e0, Tel.972880212, e-mail reserves@hotelterminus.net. Propiedad Intelectual El Titular es propietario \u00a0en exclusiva de todos los contenidos del sitio Web\u00a0www.hotelterminus.net\u00a0: textos, gr\u00e1ficos, im\u00e1genes, logotipos, archivos de sotfware, colores, estructura, selecci\u00f3n, ordenaci\u00f3n y [&hellip;]<\/p>\n","protected":false},"author":2,"featured_media":0,"parent":0,"menu_order":0,"comment_status":"closed","ping_status":"closed","template":"","meta":{"site-sidebar-layout":"default","site-content-layout":"","ast-site-content-layout":"default","site-content-style":"default","site-sidebar-style":"default","ast-global-header-display":"","ast-banner-title-visibility":"","ast-main-header-display":"","ast-hfb-above-header-display":"","ast-hfb-below-header-display":"","ast-hfb-mobile-header-display":"","site-post-title":"","ast-breadcrumbs-content":"","ast-featured-img":"","footer-sml-layout":"","theme-transparent-header-meta":"","adv-header-id-meta":"","stick-header-meta":"","header-above-stick-meta":"","header-main-stick-meta":"","header-below-stick-meta":"","astra-migrate-meta-layouts":"set","ast-page-background-enabled":"default","ast-page-background-meta":{"desktop":{"background-color":"","background-image":"","background-repeat":"repeat","background-position":"center center","background-size":"auto","background-attachment":"scroll","background-type":"","background-media":"","overlay-type":"","overlay-color":"","overlay-gradient":""},"tablet":{"background-color":"","background-image":"","background-repeat":"repeat","background-position":"center center","background-size":"auto","background-attachment":"scroll","background-type":"","background-media":"","overlay-type":"","overlay-color":"","overlay-gradient":""},"mobile":{"background-color":"","background-image":"","background-repeat":"repeat","background-position":"center center","background-size":"auto","background-attachment":"scroll","background-type":"","background-media":"","overlay-type":"","overlay-color":"","overlay-gradient":""}},"ast-content-background-meta":{"desktop":{"background-color":"var(--ast-global-color-5)","background-image":"","background-repeat":"repeat","background-position":"center center","background-size":"auto","background-attachment":"scroll","background-type":"","background-media":"","overlay-type":"","overlay-color":"","overlay-gradient":""},"tablet":{"background-color":"var(--ast-global-color-5)","background-image":"","background-repeat":"repeat","background-position":"center center","background-size":"auto","background-attachment":"scroll","background-type":"","background-media":"","overlay-type":"","overlay-color":"","overlay-gradient":""},"mobile":{"background-color":"var(--ast-global-color-5)","background-image":"","background-repeat":"repeat","background-position":"center center","background-size":"auto","background-attachment":"scroll","background-type":"","background-media":"","overlay-type":"","overlay-color":"","overlay-gradient":""}},"footnotes":""},"class_list":["post-3","page","type-page","status-publish","hentry"],"yoast_head":"<!-- This site is optimized with the Yoast SEO plugin v27.1.1 - https:\/\/yoast.com\/product\/yoast-seo-wordpress\/ -->\n<title>Aviso Legal | Hotel en Puigcerd\u00e0 \u2013 Hotel Terminus<\/title>\n<meta name=\"description\" content=\"Consulta el Aviso Legal del Hotel Terminus en Puigcerd\u00e0 y conoce la informaci\u00f3n jur\u00eddica, condiciones de uso y titularidad de nuestro sitio web.\" \/>\n<meta name=\"robots\" content=\"index, follow, max-snippet:-1, max-image-preview:large, max-video-preview:-1\" \/>\n<link rel=\"canonical\" href=\"https:\/\/hotelterminus.net\/en\/aviso-legal\/\" \/>\n<meta property=\"og:locale\" content=\"en_GB\" \/>\n<meta property=\"og:type\" content=\"article\" \/>\n<meta property=\"og:title\" content=\"Aviso Legal | Hotel en Puigcerd\u00e0 \u2013 Hotel Terminus\" \/>\n<meta property=\"og:description\" content=\"Consulta el Aviso Legal del Hotel Terminus en Puigcerd\u00e0 y conoce la informaci\u00f3n jur\u00eddica, condiciones de uso y titularidad de nuestro sitio web.\" \/>\n<meta property=\"og:url\" content=\"https:\/\/hotelterminus.net\/en\/aviso-legal\/\" \/>\n<meta property=\"og:site_name\" content=\"Hotel Terminus\" \/>\n<meta property=\"article:publisher\" content=\"https:\/\/www.facebook.com\/hotelterminuspuigcerda\" \/>\n<meta property=\"article:modified_time\" content=\"2025-12-04T10:32:10+00:00\" \/>\n<meta property=\"og:image\" content=\"https:\/\/hoteltorresmanlleu.com\/wp-content\/uploads\/2023\/09\/logos-mitma-prtr-nextgeneration3-1024x81.png\" \/>\n<meta name=\"twitter:card\" content=\"summary_large_image\" \/>\n<meta name=\"twitter:label1\" content=\"Estimated reading time\" \/>\n\t<meta name=\"twitter:data1\" content=\"4 minutes\" \/>\n<script type=\"application\/ld+json\" class=\"yoast-schema-graph\">{\"@context\":\"https:\/\/schema.org\",\"@graph\":[{\"@type\":\"WebPage\",\"@id\":\"https:\/\/hotelterminus.net\/aviso-legal\/\",\"url\":\"https:\/\/hotelterminus.net\/aviso-legal\/\",\"name\":\"Aviso Legal | Hotel en Puigcerd\u00e0 \u2013 Hotel Terminus\",\"isPartOf\":{\"@id\":\"\/#website\"},\"primaryImageOfPage\":{\"@id\":\"https:\/\/hotelterminus.net\/aviso-legal\/#primaryimage\"},\"image\":{\"@id\":\"https:\/\/hotelterminus.net\/aviso-legal\/#primaryimage\"},\"thumbnailUrl\":\"https:\/\/hoteltorresmanlleu.com\/wp-content\/uploads\/2023\/09\/logos-mitma-prtr-nextgeneration3-1024x81.png\",\"datePublished\":\"2022-06-04T14:51:19+00:00\",\"dateModified\":\"2025-12-04T10:32:10+00:00\",\"description\":\"Consulta el Aviso Legal del Hotel Terminus en Puigcerd\u00e0 y conoce la informaci\u00f3n jur\u00eddica, condiciones de uso y titularidad de nuestro sitio web.\",\"breadcrumb\":{\"@id\":\"https:\/\/hotelterminus.net\/aviso-legal\/#breadcrumb\"},\"inLanguage\":\"en-GB\",\"potentialAction\":[{\"@type\":\"ReadAction\",\"target\":[\"https:\/\/hotelterminus.net\/aviso-legal\/\"]}]},{\"@type\":\"ImageObject\",\"inLanguage\":\"en-GB\",\"@id\":\"https:\/\/hotelterminus.net\/aviso-legal\/#primaryimage\",\"url\":\"https:\/\/hoteltorresmanlleu.com\/wp-content\/uploads\/2023\/09\/logos-mitma-prtr-nextgeneration3-1024x81.png\",\"contentUrl\":\"https:\/\/hoteltorresmanlleu.com\/wp-content\/uploads\/2023\/09\/logos-mitma-prtr-nextgeneration3-1024x81.png\"},{\"@type\":\"BreadcrumbList\",\"@id\":\"https:\/\/hotelterminus.net\/aviso-legal\/#breadcrumb\",\"itemListElement\":[{\"@type\":\"ListItem\",\"position\":1,\"name\":\"Portada\",\"item\":\"https:\/\/hotelterminus.net\/\"},{\"@type\":\"ListItem\",\"position\":2,\"name\":\"Aviso Legal\"}]},{\"@type\":\"WebSite\",\"@id\":\"\/#website\",\"url\":\"\/\",\"name\":\"Hotel en Puigcerd\u00e0. - Terminus\",\"description\":\"Hotel Terminus es un hotel en Puigcerd\u00e0 reformado en el 2018 para ofrecer los mejores servicios al precio m\u00e1s econ\u00f3mico. Reserva aqu\u00ed.\",\"publisher\":{\"@id\":\"\/#organization\"},\"potentialAction\":[{\"@type\":\"SearchAction\",\"target\":{\"@type\":\"EntryPoint\",\"urlTemplate\":\"\/?s={search_term_string}\"},\"query-input\":{\"@type\":\"PropertyValueSpecification\",\"valueRequired\":true,\"valueName\":\"search_term_string\"}}],\"inLanguage\":\"en-GB\"},{\"@type\":\"Organization\",\"@id\":\"\/#organization\",\"name\":\"Hotel en Puigcerd\u00e0. - Terminus\",\"url\":\"\/\",\"logo\":{\"@type\":\"ImageObject\",\"inLanguage\":\"en-GB\",\"@id\":\"\/#\/schema\/logo\/image\/\",\"url\":\"https:\/\/hotelterminus.net\/wp-content\/uploads\/2023\/09\/LOGO-TERMINUS-1-155x47-1.png\",\"contentUrl\":\"https:\/\/hotelterminus.net\/wp-content\/uploads\/2023\/09\/LOGO-TERMINUS-1-155x47-1.png\",\"width\":155,\"height\":47,\"caption\":\"Hotel en Puigcerd\u00e0. - Terminus\"},\"image\":{\"@id\":\"\/#\/schema\/logo\/image\/\"},\"sameAs\":[\"https:\/\/www.facebook.com\/hotelterminuspuigcerda\",\"https:\/\/www.instagram.com\/hotelterminuspuigcerda\/\"]}]}<\/script>\n<!-- \/ Yoast SEO plugin. -->","yoast_head_json":{"title":"Legal Notice | Hotel in Puigcerd\u00e0 \u2013 Hotel Terminus","description":"Consult the Legal Notice of the Hotel Terminus in Puigcerd\u00e0 and find out the legal information, conditions of use and ownership of our website.","robots":{"index":"index","follow":"follow","max-snippet":"max-snippet:-1","max-image-preview":"max-image-preview:large","max-video-preview":"max-video-preview:-1"},"canonical":"https:\/\/hotelterminus.net\/en\/aviso-legal\/","og_locale":"en_GB","og_type":"article","og_title":"Aviso Legal | Hotel en Puigcerd\u00e0 \u2013 Hotel Terminus","og_description":"Consulta el Aviso Legal del Hotel Terminus en Puigcerd\u00e0 y conoce la informaci\u00f3n jur\u00eddica, condiciones de uso y titularidad de nuestro sitio web.","og_url":"https:\/\/hotelterminus.net\/en\/aviso-legal\/","og_site_name":"Hotel Terminus","article_publisher":"https:\/\/www.facebook.com\/hotelterminuspuigcerda","article_modified_time":"2025-12-04T10:32:10+00:00","og_image":[{"url":"https:\/\/hoteltorresmanlleu.com\/wp-content\/uploads\/2023\/09\/logos-mitma-prtr-nextgeneration3-1024x81.png","type":"","width":"","height":""}],"twitter_card":"summary_large_image","twitter_misc":{"Estimated reading time":"4 minutes"},"schema":{"@context":"https:\/\/schema.org","@graph":[{"@type":"WebPage","@id":"https:\/\/hotelterminus.net\/aviso-legal\/","url":"https:\/\/hotelterminus.net\/aviso-legal\/","name":"Legal Notice | Hotel in Puigcerd\u00e0 \u2013 Hotel Terminus","isPartOf":{"@id":"\/#website"},"primaryImageOfPage":{"@id":"https:\/\/hotelterminus.net\/aviso-legal\/#primaryimage"},"image":{"@id":"https:\/\/hotelterminus.net\/aviso-legal\/#primaryimage"},"thumbnailUrl":"https:\/\/hoteltorresmanlleu.com\/wp-content\/uploads\/2023\/09\/logos-mitma-prtr-nextgeneration3-1024x81.png","datePublished":"2022-06-04T14:51:19+00:00","dateModified":"2025-12-04T10:32:10+00:00","description":"Consult the Legal Notice of the Hotel Terminus in Puigcerd\u00e0 and find out the legal information, conditions of use and ownership of our website.","breadcrumb":{"@id":"https:\/\/hotelterminus.net\/aviso-legal\/#breadcrumb"},"inLanguage":"en-GB","potentialAction":[{"@type":"ReadAction","target":["https:\/\/hotelterminus.net\/aviso-legal\/"]}]},{"@type":"ImageObject","inLanguage":"en-GB","@id":"https:\/\/hotelterminus.net\/aviso-legal\/#primaryimage","url":"https:\/\/hoteltorresmanlleu.com\/wp-content\/uploads\/2023\/09\/logos-mitma-prtr-nextgeneration3-1024x81.png","contentUrl":"https:\/\/hoteltorresmanlleu.com\/wp-content\/uploads\/2023\/09\/logos-mitma-prtr-nextgeneration3-1024x81.png"},{"@type":"BreadcrumbList","@id":"https:\/\/hotelterminus.net\/aviso-legal\/#breadcrumb","itemListElement":[{"@type":"ListItem","position":1,"name":"Portada","item":"https:\/\/hotelterminus.net\/"},{"@type":"ListItem","position":2,"name":"Aviso Legal"}]},{"@type":"WebSite","@id":"\/#website","url":"\/","name":"Hotel in Puigcerd\u00e0. - Terminus","description":"Hotel Terminus is a hotel in Puigcerd\u00e0 renovated in 2018 to offer the best services at the most affordable price. Reserve here.","publisher":{"@id":"\/#organization"},"potentialAction":[{"@type":"SearchAction","target":{"@type":"EntryPoint","urlTemplate":"\/?s={search_term_string}"},"query-input":{"@type":"PropertyValueSpecification","valueRequired":true,"valueName":"search_term_string"}}],"inLanguage":"en-GB"},{"@type":"Organization","@id":"\/#organization","name":"Hotel in Puigcerd\u00e0. - Terminus","url":"\/","logo":{"@type":"ImageObject","inLanguage":"en-GB","@id":"\/#\/schema\/logo\/image\/","url":"https:\/\/hotelterminus.net\/wp-content\/uploads\/2023\/09\/LOGO-TERMINUS-1-155x47-1.png","contentUrl":"https:\/\/hotelterminus.net\/wp-content\/uploads\/2023\/09\/LOGO-TERMINUS-1-155x47-1.png","width":155,"height":47,"caption":"Hotel en Puigcerd\u00e0. - Terminus"},"image":{"@id":"\/#\/schema\/logo\/image\/"},"sameAs":["https:\/\/www.facebook.com\/hotelterminuspuigcerda","https:\/\/www.instagram.com\/hotelterminuspuigcerda\/"]}]}},"_links":{"self":[{"href":"https:\/\/hotelterminus.net\/en\/wp-json\/wp\/v2\/pages\/3","targetHints":{"allow":["GET"]}}],"collection":[{"href":"https:\/\/hotelterminus.net\/en\/wp-json\/wp\/v2\/pages"}],"about":[{"href":"https:\/\/hotelterminus.net\/en\/wp-json\/wp\/v2\/types\/page"}],"author":[{"embeddable":true,"href":"https:\/\/hotelterminus.net\/en\/wp-json\/wp\/v2\/users\/2"}],"replies":[{"embeddable":true,"href":"https:\/\/hotelterminus.net\/en\/wp-json\/wp\/v2\/comments?post=3"}],"version-history":[{"count":11,"href":"https:\/\/hotelterminus.net\/en\/wp-json\/wp\/v2\/pages\/3\/revisions"}],"predecessor-version":[{"id":3911,"href":"https:\/\/hotelterminus.net\/en\/wp-json\/wp\/v2\/pages\/3\/revisions\/3911"}],"wp:attachment":[{"href":"https:\/\/hotelterminus.net\/en\/wp-json\/wp\/v2\/media?parent=3"}],"curies":[{"name":"wp","href":"https:\/\/api.w.org\/{rel}","templated":true}]}}