{"id":1899,"date":"2022-11-27T22:41:15","date_gmt":"2022-11-27T22:41:15","guid":{"rendered":"https:\/\/hotelterminus.net\/?post_type=product&#038;p=1899"},"modified":"2025-12-04T11:53:57","modified_gmt":"2025-12-04T11:53:57","slug":"room-and-wine","status":"publish","type":"product","link":"https:\/\/hotelterminus.net\/en\/product\/romantic-night-for-couple\/","title":{"rendered":"Room &amp; Wine Package"},"content":{"rendered":"<p>Get your <strong>Room &amp; Wine Package,<\/strong> Stay at the Terminus Hotel with a visit to the Llivins Winery for 2 people. Ideal to live a unique and magical experience, with your partner, at the Terminus Hotel in Puigcerd\u00e0 and at the Llivins Winery. The Hotel Terminus is a recently renovated hotel located in the heart of Puigcerd\u00e0.<\/p>\n<p>The Llivins Winery is located at 1,225 meters above sea level, making and producing viticulture, a traditional agricultural art of La Cerdanya. During the visit to the winery, you will taste different wines that they present and you will discover the different combinations of tastes and aromas.<\/p>\n<ul>\n<li><strong>Room Features:<\/strong><br \/>\n<strong>Superior Double:<\/strong> Room for 2 people <strong>15-20 m2<\/strong> decorated in a style <strong>classic<\/strong> with luxurious furniture, carpeted floors and underfloor heating. Equipped with 1 extra-large double bed or 2 single beds with a fully equipped private sink and balcony.<\/li>\n<li><span style=\"font-size: 16px;\">What does our include <\/span><strong style=\"font-size: 16px;\">Room &amp; Wine Pack<\/strong><span style=\"font-size: 16px;\">, stay at the Terminus Hotel with Winery for <\/span><strong style=\"font-size: 16px;\">2 people?<\/strong><span style=\"font-size: 16px;\">\u00a0<\/span><\/li>\n<\/ul>\n<ul>\n<li style=\"list-style-type: none;\">\n<ul>\n<li>Accommodation in the Superior Double Room at the Terminus Hotel<\/li>\n<li>Breakfast buffet<\/li>\n<li>Wine tourism visit to the Llivins Winery and wine tasting<\/li>\n<\/ul>\n<\/li>\n<\/ul>\n<ul>\n<li><strong>Availability: voucher available from April to October<\/strong><br \/>\nWhat days is the bonus valid? It can be redeemed any day of the week within the months that the Bonus is available<br \/>\nHow will I receive the Bonus? Once the gift voucher has been purchased, you will receive a Voucher in PDF format via email.<br \/>\nHow can I redeem the Voucher? To redeem the voucher and make a reservation, you will need to call the hotel at <a href=\"tel:+34 972 880 212\">(+34) 972 880 212<\/a> or send an email to<a href=\"mailto:reserves@terminushotel.com\"> reserves@terminushotel.com<\/a> saying the days you want. Next, you will receive an email confirming your reservation.<\/li>\n<\/ul>","protected":false},"excerpt":{"rendered":"<p>Get your <strong>Room &amp; Wine Package,<\/strong> Stay at the Terminus Hotel with a visit to the Llivins Winery for 2 people. Ideal to live a unique and magical experience, with your partner, at the Terminus Hotel in Puigcerd\u00e0 and at the Llivins Winery. The Hotel Terminus is a recently renovated hotel located in the heart of Puigcerd\u00e0.<\/p>","protected":false},"featured_media":3274,"comment_status":"closed","ping_status":"closed","template":"","meta":{"site-sidebar-layout":"default","site-content-layout":"default","ast-site-content-layout":"default","site-content-style":"default","site-sidebar-style":"default","ast-global-header-display":"","ast-banner-title-visibility":"","ast-main-header-display":"","ast-hfb-above-header-display":"","ast-hfb-below-header-display":"","ast-hfb-mobile-header-display":"","site-post-title":"","ast-breadcrumbs-content":"","ast-featured-img":"","footer-sml-layout":"","theme-transparent-header-meta":"default","adv-header-id-meta":"","stick-header-meta":"default","header-above-stick-meta":"","header-main-stick-meta":"","header-below-stick-meta":"","astra-migrate-meta-layouts":"set","ast-page-background-enabled":"default","ast-page-background-meta":{"desktop":{"background-color":"","background-image":"","background-repeat":"repeat","background-position":"center center","background-size":"auto","background-attachment":"scroll","background-type":"","background-media":"","overlay-type":"","overlay-color":"","overlay-gradient":""},"tablet":{"background-color":"","background-image":"","background-repeat":"repeat","background-position":"center center","background-size":"auto","background-attachment":"scroll","background-type":"","background-media":"","overlay-type":"","overlay-color":"","overlay-gradient":""},"mobile":{"background-color":"","background-image":"","background-repeat":"repeat","background-position":"center center","background-size":"auto","background-attachment":"scroll","background-type":"","background-media":"","overlay-type":"","overlay-color":"","overlay-gradient":""}},"ast-content-background-meta":{"desktop":{"background-color":"var(--ast-global-color-5)","background-image":"","background-repeat":"repeat","background-position":"center center","background-size":"auto","background-attachment":"scroll","background-type":"","background-media":"","overlay-type":"","overlay-color":"","overlay-gradient":""},"tablet":{"background-color":"var(--ast-global-color-5)","background-image":"","background-repeat":"repeat","background-position":"center center","background-size":"auto","background-attachment":"scroll","background-type":"","background-media":"","overlay-type":"","overlay-color":"","overlay-gradient":""},"mobile":{"background-color":"var(--ast-global-color-5)","background-image":"","background-repeat":"repeat","background-position":"center center","background-size":"auto","background-attachment":"scroll","background-type":"","background-media":"","overlay-type":"","overlay-color":"","overlay-gradient":""}}},"product_brand":[],"product_cat":[20],"product_tag":[],"class_list":{"0":"post-1899","1":"product","2":"type-product","3":"status-publish","4":"has-post-thumbnail","6":"product_cat-sin-categorizar","7":"desktop-align-left","8":"tablet-align-left","9":"mobile-align-left","10":"ast-product-gallery-layout-horizontal-slider","11":"ast-product-single-variable","12":"ast-product-tabs-layout-horizontal","14":"first","15":"instock","16":"shipping-taxable","17":"purchasable","18":"product-type-variable"},"yoast_head":"<!-- This site is optimized with the Yoast SEO plugin v27.1.1 - https:\/\/yoast.com\/product\/yoast-seo-wordpress\/ -->\n<title>Pack Habitaci\u00f3n y Vino &amp; Wine | Hotel en Puigcerda<\/title>\n<meta name=\"description\" content=\"Disfruta el pack Room &amp; Wine en el Hotel Terminus en Puigcerd\u00e0: alojamiento, selecci\u00f3n de vinos y una experiencia perfecta para relajarte en La Cerdanya.\" \/>\n<meta name=\"robots\" content=\"index, follow, max-snippet:-1, max-image-preview:large, max-video-preview:-1\" \/>\n<link rel=\"canonical\" href=\"https:\/\/hotelterminus.net\/en\/product\/romantic-night-for-couple\/\" \/>\n<meta property=\"og:locale\" content=\"en_GB\" \/>\n<meta property=\"og:type\" content=\"article\" \/>\n<meta property=\"og:title\" content=\"Pack Habitaci\u00f3n y Vino &amp; Wine | Hotel en Puigcerda\" \/>\n<meta property=\"og:description\" content=\"Disfruta el pack Room &amp; Wine en el Hotel Terminus en Puigcerd\u00e0: alojamiento, selecci\u00f3n de vinos y una experiencia perfecta para relajarte en La Cerdanya.\" \/>\n<meta property=\"og:url\" content=\"https:\/\/hotelterminus.net\/en\/product\/romantic-night-for-couple\/\" \/>\n<meta property=\"og:site_name\" content=\"Hotel Terminus\" \/>\n<meta property=\"article:publisher\" content=\"https:\/\/www.facebook.com\/hotelterminuspuigcerda\" \/>\n<meta property=\"article:modified_time\" content=\"2025-12-04T11:53:57+00:00\" \/>\n<meta property=\"og:image\" content=\"https:\/\/hotelterminus.net\/wp-content\/uploads\/2023\/09\/istockphoto-1407074459-612x612-1-2.jpg\" \/>\n\t<meta property=\"og:image:width\" content=\"612\" \/>\n\t<meta property=\"og:image:height\" content=\"408\" \/>\n\t<meta property=\"og:image:type\" content=\"image\/jpeg\" \/>\n<meta name=\"twitter:card\" content=\"summary_large_image\" \/>\n<meta name=\"twitter:label1\" content=\"Estimated reading time\" \/>\n\t<meta name=\"twitter:data1\" content=\"2 minutes\" \/>\n<script type=\"application\/ld+json\" class=\"yoast-schema-graph\">{\"@context\":\"https:\/\/schema.org\",\"@graph\":[{\"@type\":\"WebPage\",\"@id\":\"https:\/\/hotelterminus.net\/producto\/room-and-wine\/\",\"url\":\"https:\/\/hotelterminus.net\/producto\/room-and-wine\/\",\"name\":\"Pack Habitaci\u00f3n y Vino & Wine | Hotel en Puigcerda\",\"isPartOf\":{\"@id\":\"\/#website\"},\"primaryImageOfPage\":{\"@id\":\"https:\/\/hotelterminus.net\/producto\/room-and-wine\/#primaryimage\"},\"image\":{\"@id\":\"https:\/\/hotelterminus.net\/producto\/room-and-wine\/#primaryimage\"},\"thumbnailUrl\":\"https:\/\/hotelterminus.net\/wp-content\/uploads\/2023\/09\/istockphoto-1407074459-612x612-1-2.jpg\",\"datePublished\":\"2022-11-27T22:41:15+00:00\",\"dateModified\":\"2025-12-04T11:53:57+00:00\",\"description\":\"Disfruta el pack Room & Wine en el Hotel Terminus en Puigcerd\u00e0: alojamiento, selecci\u00f3n de vinos y una experiencia perfecta para relajarte en La Cerdanya.\",\"breadcrumb\":{\"@id\":\"https:\/\/hotelterminus.net\/producto\/room-and-wine\/#breadcrumb\"},\"inLanguage\":\"en-GB\",\"potentialAction\":[{\"@type\":\"ReadAction\",\"target\":[\"https:\/\/hotelterminus.net\/producto\/room-and-wine\/\"]}]},{\"@type\":\"ImageObject\",\"inLanguage\":\"en-GB\",\"@id\":\"https:\/\/hotelterminus.net\/producto\/room-and-wine\/#primaryimage\",\"url\":\"https:\/\/hotelterminus.net\/wp-content\/uploads\/2023\/09\/istockphoto-1407074459-612x612-1-2.jpg\",\"contentUrl\":\"https:\/\/hotelterminus.net\/wp-content\/uploads\/2023\/09\/istockphoto-1407074459-612x612-1-2.jpg\",\"width\":612,\"height\":408,\"caption\":\"Lles de Cerdanya, Lleida, Catalonia, Spain\"},{\"@type\":\"BreadcrumbList\",\"@id\":\"https:\/\/hotelterminus.net\/producto\/room-and-wine\/#breadcrumb\",\"itemListElement\":[{\"@type\":\"ListItem\",\"position\":1,\"name\":\"Portada\",\"item\":\"https:\/\/hotelterminus.net\/\"},{\"@type\":\"ListItem\",\"position\":2,\"name\":\"Pack Habitaci\u00f3n &#038; Vino\"}]},{\"@type\":\"WebSite\",\"@id\":\"\/#website\",\"url\":\"\/\",\"name\":\"Hotel en Puigcerd\u00e0. - Terminus\",\"description\":\"Hotel Terminus es un hotel en Puigcerd\u00e0 reformado en el 2018 para ofrecer los mejores servicios al precio m\u00e1s econ\u00f3mico. Reserva aqu\u00ed.\",\"publisher\":{\"@id\":\"\/#organization\"},\"potentialAction\":[{\"@type\":\"SearchAction\",\"target\":{\"@type\":\"EntryPoint\",\"urlTemplate\":\"\/?s={search_term_string}\"},\"query-input\":{\"@type\":\"PropertyValueSpecification\",\"valueRequired\":true,\"valueName\":\"search_term_string\"}}],\"inLanguage\":\"en-GB\"},{\"@type\":\"Organization\",\"@id\":\"\/#organization\",\"name\":\"Hotel en Puigcerd\u00e0. - Terminus\",\"url\":\"\/\",\"logo\":{\"@type\":\"ImageObject\",\"inLanguage\":\"en-GB\",\"@id\":\"\/#\/schema\/logo\/image\/\",\"url\":\"https:\/\/hotelterminus.net\/wp-content\/uploads\/2023\/09\/LOGO-TERMINUS-1-155x47-1.png\",\"contentUrl\":\"https:\/\/hotelterminus.net\/wp-content\/uploads\/2023\/09\/LOGO-TERMINUS-1-155x47-1.png\",\"width\":155,\"height\":47,\"caption\":\"Hotel en Puigcerd\u00e0. - Terminus\"},\"image\":{\"@id\":\"\/#\/schema\/logo\/image\/\"},\"sameAs\":[\"https:\/\/www.facebook.com\/hotelterminuspuigcerda\",\"https:\/\/www.instagram.com\/hotelterminuspuigcerda\/\"]}]}<\/script>\n<!-- \/ Yoast SEO plugin. -->","yoast_head_json":{"title":"Room and Wine Package | Hotel in Puigcerda","description":"Enjoy the Room &amp; Wine package at the Hotel Terminus in Puigcerd\u00e0: accommodation, wine selection and a perfect experience to relax in La Cerdanya.","robots":{"index":"index","follow":"follow","max-snippet":"max-snippet:-1","max-image-preview":"max-image-preview:large","max-video-preview":"max-video-preview:-1"},"canonical":"https:\/\/hotelterminus.net\/en\/product\/romantic-night-for-couple\/","og_locale":"en_GB","og_type":"article","og_title":"Pack Habitaci\u00f3n y Vino & Wine | Hotel en Puigcerda","og_description":"Disfruta el pack Room & Wine en el Hotel Terminus en Puigcerd\u00e0: alojamiento, selecci\u00f3n de vinos y una experiencia perfecta para relajarte en La Cerdanya.","og_url":"https:\/\/hotelterminus.net\/en\/product\/romantic-night-for-couple\/","og_site_name":"Hotel Terminus","article_publisher":"https:\/\/www.facebook.com\/hotelterminuspuigcerda","article_modified_time":"2025-12-04T11:53:57+00:00","og_image":[{"width":612,"height":408,"url":"https:\/\/hotelterminus.net\/wp-content\/uploads\/2023\/09\/istockphoto-1407074459-612x612-1-2.jpg","type":"image\/jpeg"}],"twitter_card":"summary_large_image","twitter_misc":{"Estimated reading time":"2 minutes"},"schema":{"@context":"https:\/\/schema.org","@graph":[{"@type":"WebPage","@id":"https:\/\/hotelterminus.net\/producto\/room-and-wine\/","url":"https:\/\/hotelterminus.net\/producto\/room-and-wine\/","name":"Room and Wine Package | Hotel in Puigcerda","isPartOf":{"@id":"\/#website"},"primaryImageOfPage":{"@id":"https:\/\/hotelterminus.net\/producto\/room-and-wine\/#primaryimage"},"image":{"@id":"https:\/\/hotelterminus.net\/producto\/room-and-wine\/#primaryimage"},"thumbnailUrl":"https:\/\/hotelterminus.net\/wp-content\/uploads\/2023\/09\/istockphoto-1407074459-612x612-1-2.jpg","datePublished":"2022-11-27T22:41:15+00:00","dateModified":"2025-12-04T11:53:57+00:00","description":"Enjoy the Room &amp; Wine package at the Hotel Terminus in Puigcerd\u00e0: accommodation, wine selection and a perfect experience to relax in La Cerdanya.","breadcrumb":{"@id":"https:\/\/hotelterminus.net\/producto\/room-and-wine\/#breadcrumb"},"inLanguage":"en-GB","potentialAction":[{"@type":"ReadAction","target":["https:\/\/hotelterminus.net\/producto\/room-and-wine\/"]}]},{"@type":"ImageObject","inLanguage":"en-GB","@id":"https:\/\/hotelterminus.net\/producto\/room-and-wine\/#primaryimage","url":"https:\/\/hotelterminus.net\/wp-content\/uploads\/2023\/09\/istockphoto-1407074459-612x612-1-2.jpg","contentUrl":"https:\/\/hotelterminus.net\/wp-content\/uploads\/2023\/09\/istockphoto-1407074459-612x612-1-2.jpg","width":612,"height":408,"caption":"Lles de Cerdanya, Lleida, Catalonia, Spain"},{"@type":"BreadcrumbList","@id":"https:\/\/hotelterminus.net\/producto\/room-and-wine\/#breadcrumb","itemListElement":[{"@type":"ListItem","position":1,"name":"Portada","item":"https:\/\/hotelterminus.net\/"},{"@type":"ListItem","position":2,"name":"Pack Habitaci\u00f3n &#038; Vino"}]},{"@type":"WebSite","@id":"\/#website","url":"\/","name":"Hotel in Puigcerd\u00e0. - Terminus","description":"Hotel Terminus is a hotel in Puigcerd\u00e0 renovated in 2018 to offer the best services at the most affordable price. Reserve here.","publisher":{"@id":"\/#organization"},"potentialAction":[{"@type":"SearchAction","target":{"@type":"EntryPoint","urlTemplate":"\/?s={search_term_string}"},"query-input":{"@type":"PropertyValueSpecification","valueRequired":true,"valueName":"search_term_string"}}],"inLanguage":"en-GB"},{"@type":"Organization","@id":"\/#organization","name":"Hotel in Puigcerd\u00e0. - Terminus","url":"\/","logo":{"@type":"ImageObject","inLanguage":"en-GB","@id":"\/#\/schema\/logo\/image\/","url":"https:\/\/hotelterminus.net\/wp-content\/uploads\/2023\/09\/LOGO-TERMINUS-1-155x47-1.png","contentUrl":"https:\/\/hotelterminus.net\/wp-content\/uploads\/2023\/09\/LOGO-TERMINUS-1-155x47-1.png","width":155,"height":47,"caption":"Hotel en Puigcerd\u00e0. - Terminus"},"image":{"@id":"\/#\/schema\/logo\/image\/"},"sameAs":["https:\/\/www.facebook.com\/hotelterminuspuigcerda","https:\/\/www.instagram.com\/hotelterminuspuigcerda\/"]}]}},"_links":{"self":[{"href":"https:\/\/hotelterminus.net\/en\/wp-json\/wp\/v2\/product\/1899","targetHints":{"allow":["GET"]}}],"collection":[{"href":"https:\/\/hotelterminus.net\/en\/wp-json\/wp\/v2\/product"}],"about":[{"href":"https:\/\/hotelterminus.net\/en\/wp-json\/wp\/v2\/types\/product"}],"replies":[{"embeddable":true,"href":"https:\/\/hotelterminus.net\/en\/wp-json\/wp\/v2\/comments?post=1899"}],"wp:featuredmedia":[{"embeddable":true,"href":"https:\/\/hotelterminus.net\/en\/wp-json\/wp\/v2\/media\/3274"}],"wp:attachment":[{"href":"https:\/\/hotelterminus.net\/en\/wp-json\/wp\/v2\/media?parent=1899"}],"wp:term":[{"taxonomy":"product_brand","embeddable":true,"href":"https:\/\/hotelterminus.net\/en\/wp-json\/wp\/v2\/product_brand?post=1899"},{"taxonomy":"product_cat","embeddable":true,"href":"https:\/\/hotelterminus.net\/en\/wp-json\/wp\/v2\/product_cat?post=1899"},{"taxonomy":"product_tag","embeddable":true,"href":"https:\/\/hotelterminus.net\/en\/wp-json\/wp\/v2\/product_tag?post=1899"}],"curies":[{"name":"wp","href":"https:\/\/api.w.org\/{rel}","templated":true}]}}