{"id":2197,"date":"2023-03-14T14:37:09","date_gmt":"2023-03-14T14:37:09","guid":{"rendered":"https:\/\/hotelterminus.net\/?post_type=product&#038;p=2197"},"modified":"2025-12-04T11:23:41","modified_gmt":"2025-12-04T11:23:41","slug":"pack-escapada-en-familia","status":"publish","type":"product","link":"https:\/\/hotelterminus.net\/en\/product\/family-getaway-pack\/","title":{"rendered":"Family Getaway Pack"},"content":{"rendered":"<h2><strong>What is included in our Family Getaway Pack?<\/strong><\/h2>\n<ul>\n<li>Accommodation in the Quadruple Room of the Hotel Cims Camprodon<\/li>\n<li>Late Check Out (subject to availability)<\/li>\n<li>Hotel Parking Space (subject to availability)<\/li>\n<\/ul>\n<p>***If you want to include breakfast, ask us by mail<\/p>\n<p><strong>Availability: <\/strong>Pack is available throughout the year in low season.<\/p>\n<p><strong>What days is it valid? <\/strong>The Family Getaway Pack can be redeemed on any Friday in low season.<\/p>\n<p><strong>How will I receive the Bonus? <\/strong>Once the gift voucher has been purchased, you will receive a Voucher in PDF format by email that you have attached to us.<\/p>\n<p><strong>How can I redeem the Bonus? <\/strong>To redeem the voucher and book, you will have to call the hotel <a href=\"tel: +34 972 753 092\">at +34 972 753 092 <\/a>or send an email to <a href=\"mailto:info@hotelterminus.net\">info@hotelterminus.net<\/a> saying the days you want to make the reservation. You will then receive an email confirming your reservation.<\/p>\n<p>&nbsp;<\/p>","protected":false},"excerpt":{"rendered":"<p>Get your Family Getaway Pack at the Hotel Cims Camprodon. Ideal to disconnect and enjoy a magical family getaway in the Camprodon Valley.<\/p>\n<p>The Hotel Cims Camprodon is a small and warm B&amp;B hotel located in the center of Camprodon, ideal for a family getaway.<\/p>","protected":false},"featured_media":0,"comment_status":"closed","ping_status":"closed","template":"","meta":{"site-sidebar-layout":"default","site-content-layout":"default","ast-site-content-layout":"default","site-content-style":"default","site-sidebar-style":"default","ast-global-header-display":"","ast-banner-title-visibility":"","ast-main-header-display":"","ast-hfb-above-header-display":"","ast-hfb-below-header-display":"","ast-hfb-mobile-header-display":"","site-post-title":"","ast-breadcrumbs-content":"","ast-featured-img":"","footer-sml-layout":"","theme-transparent-header-meta":"default","adv-header-id-meta":"","stick-header-meta":"default","header-above-stick-meta":"","header-main-stick-meta":"","header-below-stick-meta":"","astra-migrate-meta-layouts":"set","ast-page-background-enabled":"default","ast-page-background-meta":{"desktop":{"background-color":"","background-image":"","background-repeat":"repeat","background-position":"center center","background-size":"auto","background-attachment":"scroll","background-type":"","background-media":"","overlay-type":"","overlay-color":"","overlay-gradient":""},"tablet":{"background-color":"","background-image":"","background-repeat":"repeat","background-position":"center center","background-size":"auto","background-attachment":"scroll","background-type":"","background-media":"","overlay-type":"","overlay-color":"","overlay-gradient":""},"mobile":{"background-color":"","background-image":"","background-repeat":"repeat","background-position":"center center","background-size":"auto","background-attachment":"scroll","background-type":"","background-media":"","overlay-type":"","overlay-color":"","overlay-gradient":""}},"ast-content-background-meta":{"desktop":{"background-color":"var(--ast-global-color-5)","background-image":"","background-repeat":"repeat","background-position":"center center","background-size":"auto","background-attachment":"scroll","background-type":"","background-media":"","overlay-type":"","overlay-color":"","overlay-gradient":""},"tablet":{"background-color":"var(--ast-global-color-5)","background-image":"","background-repeat":"repeat","background-position":"center center","background-size":"auto","background-attachment":"scroll","background-type":"","background-media":"","overlay-type":"","overlay-color":"","overlay-gradient":""},"mobile":{"background-color":"var(--ast-global-color-5)","background-image":"","background-repeat":"repeat","background-position":"center center","background-size":"auto","background-attachment":"scroll","background-type":"","background-media":"","overlay-type":"","overlay-color":"","overlay-gradient":""}}},"product_brand":[],"product_cat":[20],"product_tag":[],"class_list":{"0":"post-2197","1":"product","2":"type-product","3":"status-publish","5":"product_cat-sin-categorizar","6":"desktop-align-left","7":"tablet-align-left","8":"mobile-align-left","9":"ast-product-gallery-layout-horizontal-slider","10":"ast-product-gallery-with-no-image","11":"ast-product-single-variable","12":"ast-product-tabs-layout-horizontal","14":"first","15":"instock","16":"sale","17":"shipping-taxable","18":"purchasable","19":"product-type-variable"},"yoast_head":"<!-- This site is optimized with the Yoast SEO plugin v27.1.1 - https:\/\/yoast.com\/product\/yoast-seo-wordpress\/ -->\n<title>Escapada en familia en Puigcerd\u00e0 | Hotel en Puigcerda<\/title>\n<meta name=\"description\" content=\"Disfruta una escapada en familia en Puigcerd\u00e0 con el pack del Hotel Terminus: comodidad, naturaleza y actividades para grandes y peque\u00f1os en La Cerdanya.\" \/>\n<meta name=\"robots\" content=\"index, follow, max-snippet:-1, max-image-preview:large, max-video-preview:-1\" \/>\n<link rel=\"canonical\" href=\"https:\/\/hotelterminus.net\/en\/product\/family-getaway-pack\/\" \/>\n<meta property=\"og:locale\" content=\"en_GB\" \/>\n<meta property=\"og:type\" content=\"article\" \/>\n<meta property=\"og:title\" content=\"Escapada en familia en Puigcerd\u00e0 | Hotel en Puigcerda\" \/>\n<meta property=\"og:description\" content=\"Disfruta una escapada en familia en Puigcerd\u00e0 con el pack del Hotel Terminus: comodidad, naturaleza y actividades para grandes y peque\u00f1os en La Cerdanya.\" \/>\n<meta property=\"og:url\" content=\"https:\/\/hotelterminus.net\/en\/product\/family-getaway-pack\/\" \/>\n<meta property=\"og:site_name\" content=\"Hotel Terminus\" \/>\n<meta property=\"article:publisher\" content=\"https:\/\/www.facebook.com\/hotelterminuspuigcerda\" \/>\n<meta property=\"article:modified_time\" content=\"2025-12-04T11:23:41+00:00\" \/>\n<meta property=\"og:image\" content=\"https:\/\/hotelterminus.net\/wp-content\/uploads\/2023\/09\/20221122_Terminus_107-1-1024x683-1.jpg\" \/>\n\t<meta property=\"og:image:width\" content=\"1024\" \/>\n\t<meta property=\"og:image:height\" content=\"683\" \/>\n\t<meta property=\"og:image:type\" content=\"image\/jpeg\" \/>\n<meta name=\"twitter:card\" content=\"summary_large_image\" \/>\n<meta name=\"twitter:label1\" content=\"Estimated reading time\" \/>\n\t<meta name=\"twitter:data1\" content=\"1 minute\" \/>\n<script type=\"application\/ld+json\" class=\"yoast-schema-graph\">{\"@context\":\"https:\/\/schema.org\",\"@graph\":[{\"@type\":\"WebPage\",\"@id\":\"https:\/\/hotelterminus.net\/producto\/pack-escapada-en-familia\/\",\"url\":\"https:\/\/hotelterminus.net\/producto\/pack-escapada-en-familia\/\",\"name\":\"Escapada en familia en Puigcerd\u00e0 | Hotel en Puigcerda\",\"isPartOf\":{\"@id\":\"\/#website\"},\"datePublished\":\"2023-03-14T14:37:09+00:00\",\"dateModified\":\"2025-12-04T11:23:41+00:00\",\"description\":\"Disfruta una escapada en familia en Puigcerd\u00e0 con el pack del Hotel Terminus: comodidad, naturaleza y actividades para grandes y peque\u00f1os en La Cerdanya.\",\"breadcrumb\":{\"@id\":\"https:\/\/hotelterminus.net\/producto\/pack-escapada-en-familia\/#breadcrumb\"},\"inLanguage\":\"en-GB\",\"potentialAction\":[{\"@type\":\"ReadAction\",\"target\":[\"https:\/\/hotelterminus.net\/producto\/pack-escapada-en-familia\/\"]}]},{\"@type\":\"BreadcrumbList\",\"@id\":\"https:\/\/hotelterminus.net\/producto\/pack-escapada-en-familia\/#breadcrumb\",\"itemListElement\":[{\"@type\":\"ListItem\",\"position\":1,\"name\":\"Portada\",\"item\":\"https:\/\/hotelterminus.net\/\"},{\"@type\":\"ListItem\",\"position\":2,\"name\":\"Pack Escapada en familia\"}]},{\"@type\":\"WebSite\",\"@id\":\"\/#website\",\"url\":\"\/\",\"name\":\"Hotel en Puigcerd\u00e0. - Terminus\",\"description\":\"Hotel Terminus es un hotel en Puigcerd\u00e0 reformado en el 2018 para ofrecer los mejores servicios al precio m\u00e1s econ\u00f3mico. Reserva aqu\u00ed.\",\"publisher\":{\"@id\":\"\/#organization\"},\"potentialAction\":[{\"@type\":\"SearchAction\",\"target\":{\"@type\":\"EntryPoint\",\"urlTemplate\":\"\/?s={search_term_string}\"},\"query-input\":{\"@type\":\"PropertyValueSpecification\",\"valueRequired\":true,\"valueName\":\"search_term_string\"}}],\"inLanguage\":\"en-GB\"},{\"@type\":\"Organization\",\"@id\":\"\/#organization\",\"name\":\"Hotel en Puigcerd\u00e0. - Terminus\",\"url\":\"\/\",\"logo\":{\"@type\":\"ImageObject\",\"inLanguage\":\"en-GB\",\"@id\":\"\/#\/schema\/logo\/image\/\",\"url\":\"https:\/\/hotelterminus.net\/wp-content\/uploads\/2023\/09\/LOGO-TERMINUS-1-155x47-1.png\",\"contentUrl\":\"https:\/\/hotelterminus.net\/wp-content\/uploads\/2023\/09\/LOGO-TERMINUS-1-155x47-1.png\",\"width\":155,\"height\":47,\"caption\":\"Hotel en Puigcerd\u00e0. - Terminus\"},\"image\":{\"@id\":\"\/#\/schema\/logo\/image\/\"},\"sameAs\":[\"https:\/\/www.facebook.com\/hotelterminuspuigcerda\",\"https:\/\/www.instagram.com\/hotelterminuspuigcerda\/\"]}]}<\/script>\n<!-- \/ Yoast SEO plugin. -->","yoast_head_json":{"title":"Family getaway in Puigcerd\u00e0 | Hotel in Puigcerda","description":"Enjoy a family getaway in Puigcerd\u00e0 with the Hotel Terminus package: comfort, nature and activities for adults and children in La Cerdanya.","robots":{"index":"index","follow":"follow","max-snippet":"max-snippet:-1","max-image-preview":"max-image-preview:large","max-video-preview":"max-video-preview:-1"},"canonical":"https:\/\/hotelterminus.net\/en\/product\/family-getaway-pack\/","og_locale":"en_GB","og_type":"article","og_title":"Escapada en familia en Puigcerd\u00e0 | Hotel en Puigcerda","og_description":"Disfruta una escapada en familia en Puigcerd\u00e0 con el pack del Hotel Terminus: comodidad, naturaleza y actividades para grandes y peque\u00f1os en La Cerdanya.","og_url":"https:\/\/hotelterminus.net\/en\/product\/family-getaway-pack\/","og_site_name":"Hotel Terminus","article_publisher":"https:\/\/www.facebook.com\/hotelterminuspuigcerda","article_modified_time":"2025-12-04T11:23:41+00:00","og_image":[{"width":1024,"height":683,"url":"https:\/\/hotelterminus.net\/wp-content\/uploads\/2023\/09\/20221122_Terminus_107-1-1024x683-1.jpg","type":"image\/jpeg"}],"twitter_card":"summary_large_image","twitter_misc":{"Estimated reading time":"1 minute"},"schema":{"@context":"https:\/\/schema.org","@graph":[{"@type":"WebPage","@id":"https:\/\/hotelterminus.net\/producto\/pack-escapada-en-familia\/","url":"https:\/\/hotelterminus.net\/producto\/pack-escapada-en-familia\/","name":"Family getaway in Puigcerd\u00e0 | Hotel in Puigcerda","isPartOf":{"@id":"\/#website"},"datePublished":"2023-03-14T14:37:09+00:00","dateModified":"2025-12-04T11:23:41+00:00","description":"Enjoy a family getaway in Puigcerd\u00e0 with the Hotel Terminus package: comfort, nature and activities for adults and children in La Cerdanya.","breadcrumb":{"@id":"https:\/\/hotelterminus.net\/producto\/pack-escapada-en-familia\/#breadcrumb"},"inLanguage":"en-GB","potentialAction":[{"@type":"ReadAction","target":["https:\/\/hotelterminus.net\/producto\/pack-escapada-en-familia\/"]}]},{"@type":"BreadcrumbList","@id":"https:\/\/hotelterminus.net\/producto\/pack-escapada-en-familia\/#breadcrumb","itemListElement":[{"@type":"ListItem","position":1,"name":"Portada","item":"https:\/\/hotelterminus.net\/"},{"@type":"ListItem","position":2,"name":"Pack Escapada en familia"}]},{"@type":"WebSite","@id":"\/#website","url":"\/","name":"Hotel in Puigcerd\u00e0. - Terminus","description":"Hotel Terminus is a hotel in Puigcerd\u00e0 renovated in 2018 to offer the best services at the most affordable price. Reserve here.","publisher":{"@id":"\/#organization"},"potentialAction":[{"@type":"SearchAction","target":{"@type":"EntryPoint","urlTemplate":"\/?s={search_term_string}"},"query-input":{"@type":"PropertyValueSpecification","valueRequired":true,"valueName":"search_term_string"}}],"inLanguage":"en-GB"},{"@type":"Organization","@id":"\/#organization","name":"Hotel in Puigcerd\u00e0. - Terminus","url":"\/","logo":{"@type":"ImageObject","inLanguage":"en-GB","@id":"\/#\/schema\/logo\/image\/","url":"https:\/\/hotelterminus.net\/wp-content\/uploads\/2023\/09\/LOGO-TERMINUS-1-155x47-1.png","contentUrl":"https:\/\/hotelterminus.net\/wp-content\/uploads\/2023\/09\/LOGO-TERMINUS-1-155x47-1.png","width":155,"height":47,"caption":"Hotel en Puigcerd\u00e0. - Terminus"},"image":{"@id":"\/#\/schema\/logo\/image\/"},"sameAs":["https:\/\/www.facebook.com\/hotelterminuspuigcerda","https:\/\/www.instagram.com\/hotelterminuspuigcerda\/"]}]}},"_links":{"self":[{"href":"https:\/\/hotelterminus.net\/en\/wp-json\/wp\/v2\/product\/2197","targetHints":{"allow":["GET"]}}],"collection":[{"href":"https:\/\/hotelterminus.net\/en\/wp-json\/wp\/v2\/product"}],"about":[{"href":"https:\/\/hotelterminus.net\/en\/wp-json\/wp\/v2\/types\/product"}],"replies":[{"embeddable":true,"href":"https:\/\/hotelterminus.net\/en\/wp-json\/wp\/v2\/comments?post=2197"}],"wp:attachment":[{"href":"https:\/\/hotelterminus.net\/en\/wp-json\/wp\/v2\/media?parent=2197"}],"wp:term":[{"taxonomy":"product_brand","embeddable":true,"href":"https:\/\/hotelterminus.net\/en\/wp-json\/wp\/v2\/product_brand?post=2197"},{"taxonomy":"product_cat","embeddable":true,"href":"https:\/\/hotelterminus.net\/en\/wp-json\/wp\/v2\/product_cat?post=2197"},{"taxonomy":"product_tag","embeddable":true,"href":"https:\/\/hotelterminus.net\/en\/wp-json\/wp\/v2\/product_tag?post=2197"}],"curies":[{"name":"wp","href":"https:\/\/api.w.org\/{rel}","templated":true}]}}