{"id":3,"date":"2022-06-04T14:51:19","date_gmt":"2022-06-04T14:51:19","guid":{"rendered":"https:\/\/hotelterminus.net?page_id=3"},"modified":"2025-12-04T10:32:10","modified_gmt":"2025-12-04T10:32:10","slug":"aviso-legal","status":"publish","type":"page","link":"https:\/\/hotelterminus.net\/fr\/aviso-legal\/","title":{"rendered":"Avis juridique"},"content":{"rendered":"<div data-elementor-type=\"wp-page\" data-elementor-id=\"3\" class=\"elementor elementor-3\" data-elementor-post-type=\"page\">\n\t\t\t\t\t\t<section class=\"elementor-section elementor-top-section elementor-element elementor-element-7468cc4a elementor-section-boxed elementor-section-height-default elementor-section-height-default\" data-id=\"7468cc4a\" data-element_type=\"section\" data-e-type=\"section\">\n\t\t\t\t\t\t<div class=\"elementor-container elementor-column-gap-default\">\n\t\t\t\t\t<div class=\"elementor-column elementor-col-100 elementor-top-column elementor-element elementor-element-edfdbbe\" data-id=\"edfdbbe\" data-element_type=\"column\" data-e-type=\"column\">\n\t\t\t<div class=\"elementor-widget-wrap elementor-element-populated\">\n\t\t\t\t\t\t<div class=\"elementor-element elementor-element-7908b2ae elementor-widget elementor-widget-text-editor\" data-id=\"7908b2ae\" data-element_type=\"widget\" data-e-type=\"widget\" data-widget_type=\"text-editor.default\">\n\t\t\t\t<div class=\"elementor-widget-container\">\n\t\t\t\t\t\t\t\t\t\n<h3 class=\"wp-block-heading\"><strong>Identification<\/strong><\/h3>\n\n<p>Cet avis l\u00e9gal a \u00e9t\u00e9 cr\u00e9\u00e9 par MIDNIGHT SAPHIRE SL (le propri\u00e9taire) avec CIF B66763178, avec adresse \u00e0 Pl. de l&#039;Estaci\u00f3, 1, 17520, Puigcerd\u00e0, T\u00e9l.972880212, e-mail bookings@hotelterminus.net.<\/p>\n\n<h3 class=\"wp-block-heading\"><strong>Propri\u00e9t\u00e9 intellectuelle<\/strong><\/h3>\n\n<p>Le propri\u00e9taire est le propri\u00e9taire exclusif de tout le contenu du site web www.hotelterminus.net\u00a0: textes, graphismes, images, logos, fichiers logiciels, couleurs, structure, s\u00e9lection, agencement et pr\u00e9sentation du contenu, programme informatique pour sa cr\u00e9ation et son fonctionnement\u00a0; et la reproduction totale et\/ou partielle, la communication publique et le stockage de cette page et de tout autre mat\u00e9riel et\/ou \u00e9l\u00e9ment qui l\u2019int\u00e8gre, prot\u00e9g\u00e9s par le droit de la propri\u00e9t\u00e9 intellectuelle, sont strictement interdits sans avoir obtenu le consentement pr\u00e9alable du propri\u00e9taire.<\/p>\n\n<h3 class=\"wp-block-heading\"><strong>Conditions g\u00e9n\u00e9rales d'utilisation<\/strong><\/h3>\n\n<p>L'utilisateur du site web (ci-apr\u00e8s l'utilisateur) accepte pleinement et sans r\u00e9serve les dispositions incluses dans le pr\u00e9sent avis juridique, dans la version publi\u00e9e par le Propri\u00e9taire au moment o\u00f9 l'utilisateur acc\u00e8de au site web.<\/p>\n\n<p>Le site web peut \u00eatre visit\u00e9 librement et l'utilisateur s'engage \u00e0 utiliser ses contenus et services conform\u00e9ment \u00e0 la loi et au pr\u00e9sent avis juridique. \u00c0 cette fin, l'utilisateur s'abstiendra d'utiliser le site web \u00e0 des fins ou des effets illicites, interdits et pr\u00e9judiciables aux droits et aux int\u00e9r\u00eats des tiers.<\/p>\n\n<p>Vous ne devez pas faire un usage abusif du service du site web en l'utilisant pour envoyer des spams, abuser, harceler ou violer de toute autre mani\u00e8re les conditions d'utilisation ou la politique de confidentialit\u00e9.<\/p>\n\n<p>Le Propri\u00e9taire n'est pas responsable des opinions ou des commentaires des utilisateurs, des erreurs ou des omissions, du contenu du site Web ou d'autres contenus auxquels il est possible d'acc\u00e9der par ce biais, ni des dommages d\u00e9coulant de l'utilisation du site Web, ni de toute action entreprise sur la base des informations fournies sur le site Web.<\/p>\n\n<p>Le Titulaire ne garantit pas l'absence de virus ou d'autres \u00e9l\u00e9ments nuisibles pouvant causer des dommages ou des alt\u00e9rations au syst\u00e8me informatique, aux documents \u00e9lectroniques ou aux fichiers de l'utilisateur du site Web ; il n'est pas non plus responsable des dommages que ces \u00e9l\u00e9ments peuvent causer \u00e0 l'utilisateur ou \u00e0 des tiers.<\/p>\n\n<p>Le contenu du site web peut \u00eatre modifi\u00e9, \u00e9tendu ou supprim\u00e9 \u00e0 tout moment, sans pr\u00e9avis.<\/p>\n\n<p>Le propri\u00e9taire se r\u00e9serve le droit de mettre \u00e0 jour le contenu du site web et de le supprimer, ainsi que d'en limiter et d'en emp\u00eacher l'acc\u00e8s, de mani\u00e8re temporaire ou permanente, sans avis pr\u00e9alable.<\/p>\n\n<h3 class=\"wp-block-heading\"><strong>S\u00e9curit\u00e9<\/strong><\/h3>\n\n<p>Les informations personnelles fournies seront prot\u00e9g\u00e9es par les normes et la technologie du secteur. L'Internet n'\u00e9tant pas un environnement totalement s\u00e9curis\u00e9, la s\u00e9curit\u00e9 de toute information transmise au site ne peut \u00eatre garantie.<\/p>\n\n<p>Vous \u00eates responsable du maintien de la confidentialit\u00e9 de votre mot de passe unique et des informations relatives \u00e0 votre compte et du contr\u00f4le de l'acc\u00e8s \u00e0 vos communications \u00e9lectroniques \u00e0 tout moment.<\/p>\n\n<h3 class=\"wp-block-heading\"><strong>Protection des donn\u00e9es \u00e0 caract\u00e8re personnel<\/strong><\/h3>\n\n<p>Conform\u00e9ment aux dispositions du R\u00e8glement europ\u00e9en sur la protection des donn\u00e9es (R\u00e8glement UE 2016\/679), nous vous informons que les donn\u00e9es personnelles fournies via ce site Web seront trait\u00e9es par MIDNIGHT SAPHIRE SL, sur la base de votre consentement et pour effectuer la gestion demand\u00e9e, r\u00e9pondre \u00e0 votre demande et envoyer les informations qui vous int\u00e9ressent.<\/p>\n\n<p>Les donn\u00e9es personnelles seront conserv\u00e9es pendant la p\u00e9riode \u00e9tablie par la l\u00e9gislation en vigueur ou lorsque leur suppression est demand\u00e9e. Elles ne seront pas transf\u00e9r\u00e9es \u00e0 des tiers, sauf dans les cas pr\u00e9vus par la loi. Il n'y a pas de transfert international de donn\u00e9es.<\/p>\n\n<p>Vous pouvez exercer vos droits d&#039;acc\u00e8s, de rectification, d&#039;annulation, de limitation, de portabilit\u00e9 et d&#039;opposition en \u00e9crivant \u00e0 MIDNIGHT SAPHIRE SL, avec adresse \u00e0 Pl. de l&#039;Estaci\u00f3, 1, 17520, Puigcerd\u00e0, ou par e-mail bookings@hotelterminus.net . Vous pouvez \u00e9galement exercer la protection de vos droits aupr\u00e8s de l&#039;Agence espagnole de protection des donn\u00e9es.<\/p>\n\n<h3 class=\"wp-block-heading\"><strong>Droit applicable et juridiction<\/strong><\/h3>\n\n<p>Les pr\u00e9sentes Conditions G\u00e9n\u00e9rales sont r\u00e9gies par la l\u00e9gislation espagnole. Pour la r\u00e9solution de tout conflit d\u00e9coulant du pr\u00e9sent avis juridique, les parties conviennent de se soumettre, librement et renon\u00e7ant \u00e0 toute autre juridiction ou juridiction \u00e0 laquelle elles pourraient avoir droit, aux cours et tribunaux de la ville de MIDNIGHT SAPHIRE SL.<\/p>\n\n<figure class=\"wp-block-image size-large\">\n<figure id=\"attachment_3257\" aria-describedby=\"caption-attachment-3257\" style=\"width: 1024px\" class=\"wp-caption alignnone\"><img loading=\"lazy\" decoding=\"async\" class=\"wp-image-3257\" src=\"https:\/\/hoteltorresmanlleu.com\/wp-content\/uploads\/2023\/09\/logos-mitma-prtr-nextgeneration3-1024x81.png\" alt=\"logos l\u00e9gaux\" width=\"1024\" height=\"81\" \/><figcaption id=\"caption-attachment-3257\" class=\"wp-caption-text\">logos l\u00e9gaux<\/figcaption><\/figure>\n<\/figure>\n\t\t\t\t\t\t\t\t<\/div>\n\t\t\t\t<\/div>\n\t\t\t\t\t<\/div>\n\t\t<\/div>\n\t\t\t\t\t<\/div>\n\t\t<\/section>\n\t\t\t\t<\/div>","protected":false},"excerpt":{"rendered":"<p>Identificaci\u00f3n Este Aviso Legal ha sido creado por MIDNIGHT SAPHIRE S.L. (el titular) con CIF B66763178, con domicilio en Pl. de l\u2019Estaci\u00f3, 1, 17520, Puigcerd\u00e0, Tel.972880212, e-mail reserves@hotelterminus.net. Propiedad Intelectual El Titular es propietario \u00a0en exclusiva de todos los contenidos del sitio Web\u00a0www.hotelterminus.net\u00a0: textos, gr\u00e1ficos, im\u00e1genes, logotipos, archivos de sotfware, colores, estructura, selecci\u00f3n, ordenaci\u00f3n y [&hellip;]<\/p>\n","protected":false},"author":2,"featured_media":0,"parent":0,"menu_order":0,"comment_status":"closed","ping_status":"closed","template":"","meta":{"site-sidebar-layout":"default","site-content-layout":"","ast-site-content-layout":"default","site-content-style":"default","site-sidebar-style":"default","ast-global-header-display":"","ast-banner-title-visibility":"","ast-main-header-display":"","ast-hfb-above-header-display":"","ast-hfb-below-header-display":"","ast-hfb-mobile-header-display":"","site-post-title":"","ast-breadcrumbs-content":"","ast-featured-img":"","footer-sml-layout":"","theme-transparent-header-meta":"","adv-header-id-meta":"","stick-header-meta":"","header-above-stick-meta":"","header-main-stick-meta":"","header-below-stick-meta":"","astra-migrate-meta-layouts":"set","ast-page-background-enabled":"default","ast-page-background-meta":{"desktop":{"background-color":"","background-image":"","background-repeat":"repeat","background-position":"center center","background-size":"auto","background-attachment":"scroll","background-type":"","background-media":"","overlay-type":"","overlay-color":"","overlay-gradient":""},"tablet":{"background-color":"","background-image":"","background-repeat":"repeat","background-position":"center center","background-size":"auto","background-attachment":"scroll","background-type":"","background-media":"","overlay-type":"","overlay-color":"","overlay-gradient":""},"mobile":{"background-color":"","background-image":"","background-repeat":"repeat","background-position":"center center","background-size":"auto","background-attachment":"scroll","background-type":"","background-media":"","overlay-type":"","overlay-color":"","overlay-gradient":""}},"ast-content-background-meta":{"desktop":{"background-color":"var(--ast-global-color-5)","background-image":"","background-repeat":"repeat","background-position":"center center","background-size":"auto","background-attachment":"scroll","background-type":"","background-media":"","overlay-type":"","overlay-color":"","overlay-gradient":""},"tablet":{"background-color":"var(--ast-global-color-5)","background-image":"","background-repeat":"repeat","background-position":"center center","background-size":"auto","background-attachment":"scroll","background-type":"","background-media":"","overlay-type":"","overlay-color":"","overlay-gradient":""},"mobile":{"background-color":"var(--ast-global-color-5)","background-image":"","background-repeat":"repeat","background-position":"center center","background-size":"auto","background-attachment":"scroll","background-type":"","background-media":"","overlay-type":"","overlay-color":"","overlay-gradient":""}},"footnotes":""},"class_list":["post-3","page","type-page","status-publish","hentry"],"yoast_head":"<!-- This site is optimized with the Yoast SEO plugin v27.1.1 - https:\/\/yoast.com\/product\/yoast-seo-wordpress\/ -->\n<title>Aviso Legal | Hotel en Puigcerd\u00e0 \u2013 Hotel Terminus<\/title>\n<meta name=\"description\" content=\"Consulta el Aviso Legal del Hotel Terminus en Puigcerd\u00e0 y conoce la informaci\u00f3n jur\u00eddica, condiciones de uso y titularidad de nuestro sitio web.\" \/>\n<meta name=\"robots\" content=\"index, follow, max-snippet:-1, max-image-preview:large, max-video-preview:-1\" \/>\n<link rel=\"canonical\" href=\"https:\/\/hotelterminus.net\/fr\/aviso-legal\/\" \/>\n<meta property=\"og:locale\" content=\"fr_FR\" \/>\n<meta property=\"og:type\" content=\"article\" \/>\n<meta property=\"og:title\" content=\"Aviso Legal | Hotel en Puigcerd\u00e0 \u2013 Hotel Terminus\" \/>\n<meta property=\"og:description\" content=\"Consulta el Aviso Legal del Hotel Terminus en Puigcerd\u00e0 y conoce la informaci\u00f3n jur\u00eddica, condiciones de uso y titularidad de nuestro sitio web.\" \/>\n<meta property=\"og:url\" content=\"https:\/\/hotelterminus.net\/fr\/aviso-legal\/\" \/>\n<meta property=\"og:site_name\" content=\"Hotel Terminus\" \/>\n<meta property=\"article:publisher\" content=\"https:\/\/www.facebook.com\/hotelterminuspuigcerda\" \/>\n<meta property=\"article:modified_time\" content=\"2025-12-04T10:32:10+00:00\" \/>\n<meta property=\"og:image\" content=\"https:\/\/hoteltorresmanlleu.com\/wp-content\/uploads\/2023\/09\/logos-mitma-prtr-nextgeneration3-1024x81.png\" \/>\n<meta name=\"twitter:card\" content=\"summary_large_image\" \/>\n<meta name=\"twitter:label1\" content=\"Dur\u00e9e de lecture estim\u00e9e\" \/>\n\t<meta name=\"twitter:data1\" content=\"4 minutes\" \/>\n<script type=\"application\/ld+json\" class=\"yoast-schema-graph\">{\"@context\":\"https:\/\/schema.org\",\"@graph\":[{\"@type\":\"WebPage\",\"@id\":\"https:\/\/hotelterminus.net\/aviso-legal\/\",\"url\":\"https:\/\/hotelterminus.net\/aviso-legal\/\",\"name\":\"Aviso Legal | Hotel en Puigcerd\u00e0 \u2013 Hotel Terminus\",\"isPartOf\":{\"@id\":\"\/#website\"},\"primaryImageOfPage\":{\"@id\":\"https:\/\/hotelterminus.net\/aviso-legal\/#primaryimage\"},\"image\":{\"@id\":\"https:\/\/hotelterminus.net\/aviso-legal\/#primaryimage\"},\"thumbnailUrl\":\"https:\/\/hoteltorresmanlleu.com\/wp-content\/uploads\/2023\/09\/logos-mitma-prtr-nextgeneration3-1024x81.png\",\"datePublished\":\"2022-06-04T14:51:19+00:00\",\"dateModified\":\"2025-12-04T10:32:10+00:00\",\"description\":\"Consulta el Aviso Legal del Hotel Terminus en Puigcerd\u00e0 y conoce la informaci\u00f3n jur\u00eddica, condiciones de uso y titularidad de nuestro sitio web.\",\"breadcrumb\":{\"@id\":\"https:\/\/hotelterminus.net\/aviso-legal\/#breadcrumb\"},\"inLanguage\":\"fr-FR\",\"potentialAction\":[{\"@type\":\"ReadAction\",\"target\":[\"https:\/\/hotelterminus.net\/aviso-legal\/\"]}]},{\"@type\":\"ImageObject\",\"inLanguage\":\"fr-FR\",\"@id\":\"https:\/\/hotelterminus.net\/aviso-legal\/#primaryimage\",\"url\":\"https:\/\/hoteltorresmanlleu.com\/wp-content\/uploads\/2023\/09\/logos-mitma-prtr-nextgeneration3-1024x81.png\",\"contentUrl\":\"https:\/\/hoteltorresmanlleu.com\/wp-content\/uploads\/2023\/09\/logos-mitma-prtr-nextgeneration3-1024x81.png\"},{\"@type\":\"BreadcrumbList\",\"@id\":\"https:\/\/hotelterminus.net\/aviso-legal\/#breadcrumb\",\"itemListElement\":[{\"@type\":\"ListItem\",\"position\":1,\"name\":\"Portada\",\"item\":\"https:\/\/hotelterminus.net\/\"},{\"@type\":\"ListItem\",\"position\":2,\"name\":\"Aviso Legal\"}]},{\"@type\":\"WebSite\",\"@id\":\"\/#website\",\"url\":\"\/\",\"name\":\"Hotel en Puigcerd\u00e0. - Terminus\",\"description\":\"Hotel Terminus es un hotel en Puigcerd\u00e0 reformado en el 2018 para ofrecer los mejores servicios al precio m\u00e1s econ\u00f3mico. Reserva aqu\u00ed.\",\"publisher\":{\"@id\":\"\/#organization\"},\"potentialAction\":[{\"@type\":\"SearchAction\",\"target\":{\"@type\":\"EntryPoint\",\"urlTemplate\":\"\/?s={search_term_string}\"},\"query-input\":{\"@type\":\"PropertyValueSpecification\",\"valueRequired\":true,\"valueName\":\"search_term_string\"}}],\"inLanguage\":\"fr-FR\"},{\"@type\":\"Organization\",\"@id\":\"\/#organization\",\"name\":\"Hotel en Puigcerd\u00e0. - Terminus\",\"url\":\"\/\",\"logo\":{\"@type\":\"ImageObject\",\"inLanguage\":\"fr-FR\",\"@id\":\"\/#\/schema\/logo\/image\/\",\"url\":\"https:\/\/hotelterminus.net\/wp-content\/uploads\/2023\/09\/LOGO-TERMINUS-1-155x47-1.png\",\"contentUrl\":\"https:\/\/hotelterminus.net\/wp-content\/uploads\/2023\/09\/LOGO-TERMINUS-1-155x47-1.png\",\"width\":155,\"height\":47,\"caption\":\"Hotel en Puigcerd\u00e0. - Terminus\"},\"image\":{\"@id\":\"\/#\/schema\/logo\/image\/\"},\"sameAs\":[\"https:\/\/www.facebook.com\/hotelterminuspuigcerda\",\"https:\/\/www.instagram.com\/hotelterminuspuigcerda\/\"]}]}<\/script>\n<!-- \/ Yoast SEO plugin. -->","yoast_head_json":{"title":"Mentions l\u00e9gales | H\u00f4tel \u00e0 Puigcerd\u00e0 \u2013 H\u00f4tel Terminus","description":"Consultez les mentions l\u00e9gales de l&#039;H\u00f4tel Terminus \u00e0 Puigcerd\u00e0 et d\u00e9couvrez les informations juridiques, les conditions d&#039;utilisation et la propri\u00e9t\u00e9 de notre site web.","robots":{"index":"index","follow":"follow","max-snippet":"max-snippet:-1","max-image-preview":"max-image-preview:large","max-video-preview":"max-video-preview:-1"},"canonical":"https:\/\/hotelterminus.net\/fr\/aviso-legal\/","og_locale":"fr_FR","og_type":"article","og_title":"Aviso Legal | Hotel en Puigcerd\u00e0 \u2013 Hotel Terminus","og_description":"Consulta el Aviso Legal del Hotel Terminus en Puigcerd\u00e0 y conoce la informaci\u00f3n jur\u00eddica, condiciones de uso y titularidad de nuestro sitio web.","og_url":"https:\/\/hotelterminus.net\/fr\/aviso-legal\/","og_site_name":"Hotel Terminus","article_publisher":"https:\/\/www.facebook.com\/hotelterminuspuigcerda","article_modified_time":"2025-12-04T10:32:10+00:00","og_image":[{"url":"https:\/\/hoteltorresmanlleu.com\/wp-content\/uploads\/2023\/09\/logos-mitma-prtr-nextgeneration3-1024x81.png","type":"","width":"","height":""}],"twitter_card":"summary_large_image","twitter_misc":{"Dur\u00e9e de lecture estim\u00e9e":"4 minutes"},"schema":{"@context":"https:\/\/schema.org","@graph":[{"@type":"WebPage","@id":"https:\/\/hotelterminus.net\/aviso-legal\/","url":"https:\/\/hotelterminus.net\/aviso-legal\/","name":"Mentions l\u00e9gales | H\u00f4tel \u00e0 Puigcerd\u00e0 \u2013 H\u00f4tel Terminus","isPartOf":{"@id":"\/#website"},"primaryImageOfPage":{"@id":"https:\/\/hotelterminus.net\/aviso-legal\/#primaryimage"},"image":{"@id":"https:\/\/hotelterminus.net\/aviso-legal\/#primaryimage"},"thumbnailUrl":"https:\/\/hoteltorresmanlleu.com\/wp-content\/uploads\/2023\/09\/logos-mitma-prtr-nextgeneration3-1024x81.png","datePublished":"2022-06-04T14:51:19+00:00","dateModified":"2025-12-04T10:32:10+00:00","description":"Consultez les mentions l\u00e9gales de l&#039;H\u00f4tel Terminus \u00e0 Puigcerd\u00e0 et d\u00e9couvrez les informations juridiques, les conditions d&#039;utilisation et la propri\u00e9t\u00e9 de notre site web.","breadcrumb":{"@id":"https:\/\/hotelterminus.net\/aviso-legal\/#breadcrumb"},"inLanguage":"fr-FR","potentialAction":[{"@type":"ReadAction","target":["https:\/\/hotelterminus.net\/aviso-legal\/"]}]},{"@type":"ImageObject","inLanguage":"fr-FR","@id":"https:\/\/hotelterminus.net\/aviso-legal\/#primaryimage","url":"https:\/\/hoteltorresmanlleu.com\/wp-content\/uploads\/2023\/09\/logos-mitma-prtr-nextgeneration3-1024x81.png","contentUrl":"https:\/\/hoteltorresmanlleu.com\/wp-content\/uploads\/2023\/09\/logos-mitma-prtr-nextgeneration3-1024x81.png"},{"@type":"BreadcrumbList","@id":"https:\/\/hotelterminus.net\/aviso-legal\/#breadcrumb","itemListElement":[{"@type":"ListItem","position":1,"name":"Portada","item":"https:\/\/hotelterminus.net\/"},{"@type":"ListItem","position":2,"name":"Aviso Legal"}]},{"@type":"WebSite","@id":"\/#website","url":"\/","name":"H\u00f4tel \u00e0 Puigcerd\u00e0. - Terminus","description":"L&#039;H\u00f4tel Terminus est un h\u00f4tel de Puigcerd\u00e0 r\u00e9nov\u00e9 en 2018 pour offrir les meilleurs services au prix le plus abordable. R\u00e9servez ici.","publisher":{"@id":"\/#organization"},"potentialAction":[{"@type":"SearchAction","target":{"@type":"EntryPoint","urlTemplate":"\/?s={search_term_string}"},"query-input":{"@type":"PropertyValueSpecification","valueRequired":true,"valueName":"search_term_string"}}],"inLanguage":"fr-FR"},{"@type":"Organization","@id":"\/#organization","name":"H\u00f4tel \u00e0 Puigcerd\u00e0. - Terminus","url":"\/","logo":{"@type":"ImageObject","inLanguage":"fr-FR","@id":"\/#\/schema\/logo\/image\/","url":"https:\/\/hotelterminus.net\/wp-content\/uploads\/2023\/09\/LOGO-TERMINUS-1-155x47-1.png","contentUrl":"https:\/\/hotelterminus.net\/wp-content\/uploads\/2023\/09\/LOGO-TERMINUS-1-155x47-1.png","width":155,"height":47,"caption":"Hotel en Puigcerd\u00e0. - Terminus"},"image":{"@id":"\/#\/schema\/logo\/image\/"},"sameAs":["https:\/\/www.facebook.com\/hotelterminuspuigcerda","https:\/\/www.instagram.com\/hotelterminuspuigcerda\/"]}]}},"_links":{"self":[{"href":"https:\/\/hotelterminus.net\/fr\/wp-json\/wp\/v2\/pages\/3","targetHints":{"allow":["GET"]}}],"collection":[{"href":"https:\/\/hotelterminus.net\/fr\/wp-json\/wp\/v2\/pages"}],"about":[{"href":"https:\/\/hotelterminus.net\/fr\/wp-json\/wp\/v2\/types\/page"}],"author":[{"embeddable":true,"href":"https:\/\/hotelterminus.net\/fr\/wp-json\/wp\/v2\/users\/2"}],"replies":[{"embeddable":true,"href":"https:\/\/hotelterminus.net\/fr\/wp-json\/wp\/v2\/comments?post=3"}],"version-history":[{"count":11,"href":"https:\/\/hotelterminus.net\/fr\/wp-json\/wp\/v2\/pages\/3\/revisions"}],"predecessor-version":[{"id":3911,"href":"https:\/\/hotelterminus.net\/fr\/wp-json\/wp\/v2\/pages\/3\/revisions\/3911"}],"wp:attachment":[{"href":"https:\/\/hotelterminus.net\/fr\/wp-json\/wp\/v2\/media?parent=3"}],"curies":[{"name":"wp","href":"https:\/\/api.w.org\/{rel}","templated":true}]}}